{"id":6130,"date":"2026-01-28T21:31:18","date_gmt":"2026-01-28T19:31:18","guid":{"rendered":"https:\/\/www.pielisenampujat.net\/?page_id=6130"},"modified":"2026-02-26T16:25:36","modified_gmt":"2026-02-26T14:25:36","slug":"2026-2","status":"publish","type":"page","link":"https:\/\/www.pielisenampujat.net\/?page_id=6130","title":{"rendered":"2026"},"content":{"rendered":"<p>Vuoden 2026 tuloksia. pdf. sivut avautuu omaan v\u00e4lilehteen.<\/p>\n<p><a href=\"https:\/\/www.pielisenampujat.net\/wp-content\/uploads\/2026\/01\/Nuorisojaoston-ilmakivaarin-kuukausikisan-tulokset-28.1.2026.pdf\" target=\"_blank\" rel=\"noopener\">Nuorisojaoston ilmakiv\u00e4\u00e4rin kuukausikisan tulokset 28.1.2026<\/a><\/p>\n<p><a href=\"https:\/\/www.pielisenampujat.net\/wp-content\/uploads\/2026\/02\/Nuorisojaoston-helmikuun-ilmakivaarin-kuukausikisa-25.pdf\" target=\"_blank\" rel=\"noopener\">Nuorisojaoston helmikuun ilmakiv\u00e4\u00e4rin kuukausikisa 25.2.2026<\/a><\/p>\n<p>&nbsp;<\/p>\n","protected":false},"excerpt":{"rendered":"<p>Vuoden 2026 tuloksia. pdf. sivut avautuu omaan v\u00e4lilehteen. Nuorisojaoston ilmakiv\u00e4\u00e4rin kuukausikisan tulokset 28.1.2026 Nuorisojaoston helmikuun ilmakiv\u00e4\u00e4rin kuukausikisa 25.2.2026 &nbsp;<\/p>\n","protected":false},"author":1,"featured_media":0,"parent":1263,"menu_order":12,"comment_status":"closed","ping_status":"closed","template":"","meta":{"ngg_post_thumbnail":0,"footnotes":""},"class_list":["post-6130","page","type-page","status-publish","hentry"],"_links":{"self":[{"href":"https:\/\/www.pielisenampujat.net\/index.php?rest_route=\/wp\/v2\/pages\/6130","targetHints":{"allow":["GET"]}}],"collection":[{"href":"https:\/\/www.pielisenampujat.net\/index.php?rest_route=\/wp\/v2\/pages"}],"about":[{"href":"https:\/\/www.pielisenampujat.net\/index.php?rest_route=\/wp\/v2\/types\/page"}],"author":[{"embeddable":true,"href":"https:\/\/www.pielisenampujat.net\/index.php?rest_route=\/wp\/v2\/users\/1"}],"replies":[{"embeddable":true,"href":"https:\/\/www.pielisenampujat.net\/index.php?rest_route=%2Fwp%2Fv2%2Fcomments&post=6130"}],"version-history":[{"count":5,"href":"https:\/\/www.pielisenampujat.net\/index.php?rest_route=\/wp\/v2\/pages\/6130\/revisions"}],"predecessor-version":[{"id":6146,"href":"https:\/\/www.pielisenampujat.net\/index.php?rest_route=\/wp\/v2\/pages\/6130\/revisions\/6146"}],"up":[{"embeddable":true,"href":"https:\/\/www.pielisenampujat.net\/index.php?rest_route=\/wp\/v2\/pages\/1263"}],"wp:attachment":[{"href":"https:\/\/www.pielisenampujat.net\/index.php?rest_route=%2Fwp%2Fv2%2Fmedia&parent=6130"}],"curies":[{"name":"wp","href":"https:\/\/api.w.org\/{rel}","templated":true}]}}