{"id":5799,"date":"2025-06-27T21:00:46","date_gmt":"2025-06-27T18:00:46","guid":{"rendered":"https:\/\/www.pielisenampujat.net\/?page_id=5799"},"modified":"2025-06-27T21:05:59","modified_gmt":"2025-06-27T18:05:59","slug":"hankkeet","status":"publish","type":"page","link":"https:\/\/www.pielisenampujat.net\/?page_id=5799","title":{"rendered":"Hankkeet"},"content":{"rendered":"<p>Pielisen Ampujat ovat vuosien varrella hallinnoineet useampia leader-hankkeita. Hankkeiden my\u00f6t\u00e4 yhdistyksen toimintaa on viety eteenp\u00e4in panostaen erityisesti nuorten harrastajien harrastusmahdollisuuksien parantamiseen. Hankkeen my\u00f6t\u00e4 yhdistys saa k\u00e4ytt\u00f6\u00f6ns\u00e4 nykyaikaista tekniikkaa, mik\u00e4 mahdollistaa kilpailutoiminnan kehitt\u00e4mist\u00e4 reaaliaikaiseksi<\/p>\n<p>&nbsp;<\/p>\n<p>Pielisen Ampujat ry:ll\u00e4 on t\u00e4ll\u00e4 hetkell\u00e4 k\u00e4ynniss\u00e4 kaksi eri hanketta, joista on tehty my\u00f6nteinen rahoitusesitys. Hankeet t\u00e4ydent\u00e4\u00e4 Vaara-Karjalan Leader ry:npaikallisen kehitt\u00e4misstrategian painopistett\u00e4 2. \u201cVeto- ja pitovoimainen, monipaikkainenVaara-Karjala\u201d.<\/p>\n<p>&nbsp;<\/p>\n<p>Ohessa esittelyt kummastakin hankkeesta.<\/p>\n<p>&nbsp;<\/p>\n<p><strong>Pienhankkeena toteutettava investointi <\/strong><\/p>\n<p><strong>&nbsp;<\/strong><\/p>\n<p>Hankkeen hakija: Pielisen Ampujat ry<\/p>\n<p>Hankkeen nimi: Pielisen ampujien laitehankinnat<\/p>\n<p>Hankenumero: 345714<\/p>\n<p>Hanketyyppi: Pienhankkeena toteutettava investointi<\/p>\n<p>Hankkeen vireilletulop\u00e4iv\u00e4: 2.6.2025 \/ P\u00e4\u00e4t\u00f6s 19.6.2025<\/p>\n<p>&nbsp;<\/p>\n<p><strong>Hankkeen kuvaus:<\/strong><\/p>\n<p>Pielisen Ampujat ry:ll\u00e4 on ampumaurheilukeskus Lieksan Tainionvaaralla sek\u00e4 ilma-aserata Rauhalassa (Rauhalantie 9). Rata-alueet palvelevat niin seuran j\u00e4seni\u00e4, reservil\u00e4isi\u00e4, viranomaisk\u00e4ytt\u00f6\u00e4 kuin ampumaurheiluharrastajia. Yhdistyksell\u00e4 on noin 250 j\u00e4sent\u00e4, joista noin 60 on alle 20-vuotiaita. Yhdistyksell\u00e4 on runsaasti nuorille tarkoitettua harrastustoimintaa etenkin ilma-aseradalla. Yhdistyksen voisi sanoa olevan ns.kasvattajaseura, seuran nuoria on edennyt kilpailutoiminnassa jopa SM-tasolle. Hankkeella hankitaan Tainionvaaran ampumaurheilukeskukseen defibrillaattori ja taulutelevisio ja sein\u00e4teline sek\u00e4 5 kpl s\u00e4\u00e4nkest\u00e4vi\u00e4 n\u00e4ytt\u00f6-\/tulospalvelutabletteja k\u00e4ytett\u00e4v\u00e4ksi sek\u00e4 ilma-aseradalla ett\u00e4 Tainion practical-radalla ja edell\u00e4 mainittuihin liittyv\u00e4t oheismateriaalit.<\/p>\n<p>&nbsp;<\/p>\n<p>Taulutelevisio ja sein\u00e4teline palvelee tulospalvelua sek\u00e4 kokous ja koulutustapahtumissan\u00e4ytt\u00f6n\u00e4. S\u00e4\u00e4nkest\u00e4v\u00e4t n\u00e4ytt\u00f6-\/tulospalvelutabletit oheistarvikkeineen (5 kpl) ovat k\u00e4yt\u00f6ss\u00e4 talvisin ilma-aseradalla ja kes\u00e4isin Tainion practical-radalla. Tablettien avulla tulokset ovat saatavilla s\u00e4hk\u00f6isesti heti.<\/p>\n<p>&nbsp;<\/p>\n<p>Hanke on saanut EU:n maaseuturahoitusta Vaara-Karjalan Leader ry:lt\u00e4 75% kustannuksista.<\/p>\n<p>&nbsp;<\/p>\n<p><strong>Tainiovaarna kehitt\u00e4mishankie nro 3<\/strong><\/p>\n<p>&nbsp;<\/p>\n<p>Hankkeen hakija: Pielisen Ampujat ry<\/p>\n<p>Hankkeen nimi: Tainiovaaran kehitt\u00e4mishanke nro 3<\/p>\n<p>Hankenumero: 330315<\/p>\n<p>Hanketyyppi: Investointihanke<\/p>\n<p>Hankkeen vireilletulop\u00e4iv\u00e4: 28.5.2025 \/ P\u00e4\u00e4t\u00f6s 19.6.2025<\/p>\n<p>&nbsp;<\/p>\n<p><strong>Hankkeen kuvaus:<\/strong><\/p>\n<p>Hankkeella hankitaan aurinkopaneeleita vaihtoehtoiseksi energial\u00e4hteeksi Tainionvaaran ampumaurheilukeskukseen, rakennetaan practical-radalle valaistus sek\u00e4 salaojitus, hankitaan practical-radan ratalaitteille merikontti varastotilaksi, hankitaan kiv\u00e4\u00e4rikaliiberisten aseiden kest\u00e4vi\u00e4 ter\u00e4ksisi\u00e4 taululaitteita, sek\u00e4 lis\u00e4t\u00e4\u00e4n rata-alueelle valvontakameroita. Lis\u00e4ksi korjataan omana ty\u00f6t\u00e4 haulikkokohdistuspaikan ratalaite. Ilma-aseradalle hankitaan 5 kpl elektronisia taululaitteita. Hankkeella haetaan ulkoratakauden jatkamista ammunta-aikojen puitteissa sek\u00e4 rata-alueen valvonnan kautta turvallista, lupaehtojen mukaista, k\u00e4ytt\u00f6\u00e4. Haulikonkohdistuspaikka palvelee mets\u00e4st\u00e4ji\u00e4, mutta my\u00f6s skeet- ja trap-ampujia. Ilma-aseradan ratalaitteet palvelevat etenkin talviajan harrastustoimintaa. Kohderyhm\u00e4n\u00e4 ja hy\u00f6dynsaajina ovat seuran j\u00e4senet, ampumaurheiluharrastajat, reservil\u00e4iset, mets\u00e4st\u00e4j\u00e4t ja viranomaiset.<\/p>\n<p>&nbsp;<\/p>\n<p>Hanke on saanut EU:n maaseuturahoitusta Vaara-Karjalan Leader ry:lt\u00e4 50% kustannuksista.<\/p>\n<p><img loading=\"lazy\" decoding=\"async\" class=\"aligncenter wp-image-5801 size-full\" src=\"https:\/\/www.pielisenampujat.net\/wp-content\/uploads\/2025\/06\/Logot-kaikki.jpg\" alt=\"\" width=\"1045\" height=\"125\" srcset=\"https:\/\/www.pielisenampujat.net\/wp-content\/uploads\/2025\/06\/Logot-kaikki.jpg 1045w, https:\/\/www.pielisenampujat.net\/wp-content\/uploads\/2025\/06\/Logot-kaikki-240x29.jpg 240w, https:\/\/www.pielisenampujat.net\/wp-content\/uploads\/2025\/06\/Logot-kaikki-800x96.jpg 800w, https:\/\/www.pielisenampujat.net\/wp-content\/uploads\/2025\/06\/Logot-kaikki-768x92.jpg 768w\" sizes=\"auto, (max-width: 1045px) 100vw, 1045px\" \/><\/p>\n<p>&nbsp;<\/p>\n","protected":false},"excerpt":{"rendered":"<p>Pielisen Ampujat ovat vuosien varrella hallinnoineet useampia leader-hankkeita. Hankkeiden my\u00f6t\u00e4 yhdistyksen toimintaa on viety eteenp\u00e4in panostaen erityisesti nuorten harrastajien harrastusmahdollisuuksien parantamiseen. Hankkeen my\u00f6t\u00e4 yhdistys saa k\u00e4ytt\u00f6\u00f6ns\u00e4 nykyaikaista tekniikkaa, mik\u00e4 mahdollistaa kilpailutoiminnan kehitt\u00e4mist\u00e4 reaaliaikaiseksi &nbsp; Pielisen Ampujat ry:ll\u00e4 on t\u00e4ll\u00e4 hetkell\u00e4<\/p>\n","protected":false},"author":1,"featured_media":0,"parent":0,"menu_order":0,"comment_status":"closed","ping_status":"closed","template":"","meta":{"ngg_post_thumbnail":0,"footnotes":""},"class_list":["post-5799","page","type-page","status-publish","hentry"],"_links":{"self":[{"href":"https:\/\/www.pielisenampujat.net\/index.php?rest_route=\/wp\/v2\/pages\/5799","targetHints":{"allow":["GET"]}}],"collection":[{"href":"https:\/\/www.pielisenampujat.net\/index.php?rest_route=\/wp\/v2\/pages"}],"about":[{"href":"https:\/\/www.pielisenampujat.net\/index.php?rest_route=\/wp\/v2\/types\/page"}],"author":[{"embeddable":true,"href":"https:\/\/www.pielisenampujat.net\/index.php?rest_route=\/wp\/v2\/users\/1"}],"replies":[{"embeddable":true,"href":"https:\/\/www.pielisenampujat.net\/index.php?rest_route=%2Fwp%2Fv2%2Fcomments&post=5799"}],"version-history":[{"count":3,"href":"https:\/\/www.pielisenampujat.net\/index.php?rest_route=\/wp\/v2\/pages\/5799\/revisions"}],"predecessor-version":[{"id":5804,"href":"https:\/\/www.pielisenampujat.net\/index.php?rest_route=\/wp\/v2\/pages\/5799\/revisions\/5804"}],"wp:attachment":[{"href":"https:\/\/www.pielisenampujat.net\/index.php?rest_route=%2Fwp%2Fv2%2Fmedia&parent=5799"}],"curies":[{"name":"wp","href":"https:\/\/api.w.org\/{rel}","templated":true}]}}