{"id":5118,"date":"2023-11-13T21:17:21","date_gmt":"2023-11-13T19:17:21","guid":{"rendered":"http:\/\/www.pielisenampujat.net\/?page_id=5118"},"modified":"2025-07-15T11:50:09","modified_gmt":"2025-07-15T08:50:09","slug":"rata-ja-majavaraukset-tainionvaaran-ampumaurheilukeskukseen","status":"publish","type":"page","link":"https:\/\/www.pielisenampujat.net\/?page_id=5118","title":{"rendered":"Rata- ja majavaraukset Tainionvaaran ampumaurheilukeskukseen"},"content":{"rendered":"<p><strong>Rata- ja majavaraukset Tainionvaaran ampumaurheilukeskukseen<\/strong><\/p>\n<p><span style=\"text-decoration: underline;\">Varaukset<\/span><\/p>\n<p>Rauno Vornanen 040 1265950<\/p>\n<p>Raimo H\u00e4m\u00e4l\u00e4inen 040 516 5406<\/p>\n<p>&nbsp;<\/p>\n","protected":false},"excerpt":{"rendered":"<p>Rata- ja majavaraukset Tainionvaaran ampumaurheilukeskukseen Varaukset Rauno Vornanen 040 1265950 Raimo H\u00e4m\u00e4l\u00e4inen 040 516 5406 &nbsp;<\/p>\n","protected":false},"author":1,"featured_media":0,"parent":0,"menu_order":23,"comment_status":"closed","ping_status":"closed","template":"","meta":{"ngg_post_thumbnail":0,"footnotes":""},"class_list":["post-5118","page","type-page","status-publish","hentry"],"_links":{"self":[{"href":"https:\/\/www.pielisenampujat.net\/index.php?rest_route=\/wp\/v2\/pages\/5118","targetHints":{"allow":["GET"]}}],"collection":[{"href":"https:\/\/www.pielisenampujat.net\/index.php?rest_route=\/wp\/v2\/pages"}],"about":[{"href":"https:\/\/www.pielisenampujat.net\/index.php?rest_route=\/wp\/v2\/types\/page"}],"author":[{"embeddable":true,"href":"https:\/\/www.pielisenampujat.net\/index.php?rest_route=\/wp\/v2\/users\/1"}],"replies":[{"embeddable":true,"href":"https:\/\/www.pielisenampujat.net\/index.php?rest_route=%2Fwp%2Fv2%2Fcomments&post=5118"}],"version-history":[{"count":6,"href":"https:\/\/www.pielisenampujat.net\/index.php?rest_route=\/wp\/v2\/pages\/5118\/revisions"}],"predecessor-version":[{"id":5879,"href":"https:\/\/www.pielisenampujat.net\/index.php?rest_route=\/wp\/v2\/pages\/5118\/revisions\/5879"}],"wp:attachment":[{"href":"https:\/\/www.pielisenampujat.net\/index.php?rest_route=%2Fwp%2Fv2%2Fmedia&parent=5118"}],"curies":[{"name":"wp","href":"https:\/\/api.w.org\/{rel}","templated":true}]}}