{"id":456,"date":"2014-05-29T15:10:01","date_gmt":"2014-05-29T12:10:01","guid":{"rendered":"http:\/\/www.pielisenampujat.net\/?page_id=456"},"modified":"2024-09-13T11:03:12","modified_gmt":"2024-09-13T08:03:12","slug":"harrastuneisuustodistus","status":"publish","type":"page","link":"https:\/\/www.pielisenampujat.net\/?page_id=456","title":{"rendered":"Harrastuneisuustodistus"},"content":{"rendered":"<p>Ampuma-aselaki muuttui niin, ett\u00e4 k\u00e4siase ja erva (puoliautomaatti aseen pitk\u00e4t lippaat) luvan hankkimislupahakemukseen tulee liitt\u00e4\u00e4 poliisihallinnon hyv\u00e4ksym\u00e4n ampuma-asekouluttajan laatima ns. harrastuneisuustodistus. Todistus voidaan kirjoittaa laissa s\u00e4\u00e4dettyjen edellytysten t\u00e4ytytty\u00e4.<\/p>\n<p>lis\u00e4tietoja:<br \/>\n<em>*ampuma-asekouluttaja Juha Riikonen p. 0400279695<br \/>\n*ampuma-asekouluttaja Juha Sihvo p. 0408486613<br \/>\n*ampuma-asekouluttaja Matti Immonen p. 0400819127<\/em><\/p>\n","protected":false},"excerpt":{"rendered":"<p>Ampuma-aselaki muuttui niin, ett\u00e4 k\u00e4siase ja erva (puoliautomaatti aseen pitk\u00e4t lippaat) luvan hankkimislupahakemukseen tulee liitt\u00e4\u00e4 poliisihallinnon hyv\u00e4ksym\u00e4n ampuma-asekouluttajan laatima ns. harrastuneisuustodistus. Todistus voidaan kirjoittaa laissa s\u00e4\u00e4dettyjen edellytysten t\u00e4ytytty\u00e4. lis\u00e4tietoja: *ampuma-asekouluttaja Juha Riikonen p. 0400279695 *ampuma-asekouluttaja Juha Sihvo p. 0408486613 *ampuma-asekouluttaja<\/p>\n","protected":false},"author":1,"featured_media":0,"parent":5,"menu_order":3,"comment_status":"closed","ping_status":"closed","template":"","meta":{"ngg_post_thumbnail":0,"footnotes":""},"class_list":["post-456","page","type-page","status-publish","hentry"],"_links":{"self":[{"href":"https:\/\/www.pielisenampujat.net\/index.php?rest_route=\/wp\/v2\/pages\/456","targetHints":{"allow":["GET"]}}],"collection":[{"href":"https:\/\/www.pielisenampujat.net\/index.php?rest_route=\/wp\/v2\/pages"}],"about":[{"href":"https:\/\/www.pielisenampujat.net\/index.php?rest_route=\/wp\/v2\/types\/page"}],"author":[{"embeddable":true,"href":"https:\/\/www.pielisenampujat.net\/index.php?rest_route=\/wp\/v2\/users\/1"}],"replies":[{"embeddable":true,"href":"https:\/\/www.pielisenampujat.net\/index.php?rest_route=%2Fwp%2Fv2%2Fcomments&post=456"}],"version-history":[{"count":15,"href":"https:\/\/www.pielisenampujat.net\/index.php?rest_route=\/wp\/v2\/pages\/456\/revisions"}],"predecessor-version":[{"id":5532,"href":"https:\/\/www.pielisenampujat.net\/index.php?rest_route=\/wp\/v2\/pages\/456\/revisions\/5532"}],"up":[{"embeddable":true,"href":"https:\/\/www.pielisenampujat.net\/index.php?rest_route=\/wp\/v2\/pages\/5"}],"wp:attachment":[{"href":"https:\/\/www.pielisenampujat.net\/index.php?rest_route=%2Fwp%2Fv2%2Fmedia&parent=456"}],"curies":[{"name":"wp","href":"https:\/\/api.w.org\/{rel}","templated":true}]}}