{"id":4535,"date":"2022-05-22T10:34:57","date_gmt":"2022-05-22T07:34:57","guid":{"rendered":"http:\/\/www.pielisenampujat.net\/?page_id=4535"},"modified":"2024-03-22T13:17:31","modified_gmt":"2024-03-22T11:17:31","slug":"2023-2","status":"publish","type":"page","link":"https:\/\/www.pielisenampujat.net\/?page_id=4535","title":{"rendered":"2023"},"content":{"rendered":"<p>Vuoden 2023 kilpailutuloksia.&nbsp; pdf. sivut avautuvat omaan v\u00e4lilehteen.<\/p>\n<p>&nbsp;<\/p>\n<p><a href=\"https:\/\/www.pielisenampujat.net\/wp-content\/uploads\/2023\/05\/viikkokisa_170523_stage-1.pdf\" target=\"_blank\" rel=\"noopener\">Viikkokisa 17.05 stage<\/a><br \/>\n<a href=\"https:\/\/www.pielisenampujat.net\/wp-content\/uploads\/2023\/05\/viikkokisa_170523_over-1.pdf\" target=\"_blank\" rel=\"noopener\">Viikkokisa 17.05 over<\/a><\/p>\n<p><a href=\"https:\/\/www.pielisenampujat.net\/wp-content\/uploads\/2023\/05\/viikkokisa_240523_stage.pdf\" target=\"_blank\" rel=\"noopener\">Viikkokisa 24.05 stage<\/a><br \/>\n<a href=\"https:\/\/www.pielisenampujat.net\/wp-content\/uploads\/2023\/05\/viikkokisa_240523_over.pdf\" target=\"_blank\" rel=\"noopener\">Viikkokisa 24.05 over<\/a><\/p>\n<p><a href=\"https:\/\/www.pielisenampujat.net\/wp-content\/uploads\/2023\/06\/viikkokisa_310523_stage.pdf\" target=\"_blank\" rel=\"noopener\">Viikkokisa 31.05 stage<\/a><br \/>\n<a href=\"https:\/\/www.pielisenampujat.net\/wp-content\/uploads\/2023\/06\/viikkokisa_310523_over.pdf\" target=\"_blank\" rel=\"noopener\">Viikkokisa 31.05 over<\/a><\/p>\n<p><a href=\"https:\/\/www.pielisenampujat.net\/wp-content\/uploads\/2023\/06\/kuukausikisa_070623_stsge.pdf\" target=\"_blank\" rel=\"noopener\">Kuukausikisa 07.06 stage<\/a><br \/>\n<a href=\"https:\/\/www.pielisenampujat.net\/wp-content\/uploads\/2023\/06\/kuukausikisa_070623_over.pdf\" target=\"_blank\" rel=\"noopener\">Kuukausikisa 07.06 over<\/a><br \/>\n<a href=\"https:\/\/www.pielisenampujat.net\/wp-content\/uploads\/2023\/06\/kiv_kuukausikisa_080623_stage.pdf\" target=\"_blank\" rel=\"noopener\">Kiv. kuukausikisa 08.06 stage<\/a><br \/>\n<a href=\"https:\/\/www.pielisenampujat.net\/wp-content\/uploads\/2023\/06\/kiv_kuukausikisa_080623_over.pdf\" target=\"_blank\" rel=\"noopener\">Kiv. kuukausikisa 08.06 over<\/a><\/p>\n<p><a href=\"https:\/\/www.pielisenampujat.net\/wp-content\/uploads\/2023\/06\/viikkokisa_140623_stage.pdf\" target=\"_blank\" rel=\"noopener\">Viikkokisa 14.06 stage<\/a><br \/>\n<a href=\"https:\/\/www.pielisenampujat.net\/wp-content\/uploads\/2023\/06\/viikkokisa_140623_over.pdf\" target=\"_blank\" rel=\"noopener\">Viikkokisa 14.06 over<\/a><\/p>\n<p><a href=\"https:\/\/www.pielisenampujat.net\/wp-content\/uploads\/2023\/06\/viikkokisa_210623_stage.pdf\" target=\"_blank\" rel=\"noopener\">Viikkokisa 21.06 stage<\/a><br \/>\n<a href=\"https:\/\/www.pielisenampujat.net\/wp-content\/uploads\/2023\/06\/viikkokisa_210623_over.pdf\" target=\"_blank\" rel=\"noopener\">Viikkokisa 21.06 over<\/a><br \/>\n<a href=\"https:\/\/www.pielisenampujat.net\/wp-content\/uploads\/2023\/06\/kiv_harjoitus_220623_stage.pdf\" target=\"_blank\" rel=\"noopener\">Kiv\u00e4\u00e4ri harjoitus 22.07 stage<\/a><br \/>\n<a href=\"https:\/\/www.pielisenampujat.net\/wp-content\/uploads\/2023\/06\/kiv_harjoitus_220623_over.pdf\" target=\"_blank\" rel=\"noopener\">Kiv\u00e4\u00e4ri harjoitus 22.07 over<\/a><\/p>\n<p><a href=\"https:\/\/www.pielisenampujat.net\/wp-content\/uploads\/2023\/07\/viikkokisa_280623_stage.pdf\" target=\"_blank\" rel=\"noopener\">Viikkokisa 28.06 stage<\/a><br \/>\n<a href=\"https:\/\/www.pielisenampujat.net\/wp-content\/uploads\/2023\/07\/viikkokisa_280623_over.pdf\" target=\"_blank\" rel=\"noopener\">Viikkokisa 28.06 over<\/a><br \/>\n<a href=\"https:\/\/www.pielisenampujat.net\/wp-content\/uploads\/2023\/07\/haul_harjoitus_290623_stage.pdf\" target=\"_blank\" rel=\"noopener\">Haulikko harjoitus 29.06 stage<\/a><br \/>\n<a href=\"https:\/\/www.pielisenampujat.net\/wp-content\/uploads\/2023\/07\/haul_harjoitus_290623_over.pdf\" target=\"_blank\" rel=\"noopener\">Haulikko harjoitus 29.06 over<\/a><\/p>\n<p><a href=\"https:\/\/www.pielisenampujat.net\/wp-content\/uploads\/2023\/07\/nordic_tattoo_020723_stage.pdf\" target=\"_blank\" rel=\"noopener\">Nordic Tattoo 02.07 stage<\/a><br \/>\n<a href=\"https:\/\/www.pielisenampujat.net\/wp-content\/uploads\/2023\/07\/nordic_tattoo_020723_over.pdf\" target=\"_blank\" rel=\"noopener\">Nordic Tattoo 0207 over<\/a><\/p>\n<p><a href=\"https:\/\/www.pielisenampujat.net\/wp-content\/uploads\/2023\/07\/kuukausikisa_050723_stage.pdf\" target=\"_blank\" rel=\"noopener\">Kuukausikisa 05.07 stage<\/a><br \/>\n<a href=\"https:\/\/www.pielisenampujat.net\/wp-content\/uploads\/2023\/07\/kuukausikisa_050723_over.pdf\" target=\"_blank\" rel=\"noopener\">Kuukausikisa 05.07 over<\/a><br \/>\n<a href=\"https:\/\/www.pielisenampujat.net\/wp-content\/uploads\/2023\/07\/kiv_kuukausikisa_060723_stge.pdf\" target=\"_blank\" rel=\"noopener\">Kuukausikisa kiv\u00e4\u00e4ri 06.07 stage<\/a><br \/>\n<a href=\"https:\/\/www.pielisenampujat.net\/wp-content\/uploads\/2023\/07\/kiv_kuukausikisa_060723_over.pdf\" target=\"_blank\" rel=\"noopener\">Kuukausikisa kiv\u00e4\u00e4ri 06.07 over<\/a><\/p>\n<p><a href=\"https:\/\/www.pielisenampujat.net\/wp-content\/uploads\/2023\/07\/viikkokisa_120723_stage.pdf\" target=\"_blank\" rel=\"noopener\">Viikkokisa 12.07 stage<\/a><br \/>\n<a href=\"https:\/\/www.pielisenampujat.net\/wp-content\/uploads\/2023\/07\/viikkokisa_120723_over.pdf\" target=\"_blank\" rel=\"noopener\">Viikkokisa 12.07 over<\/a><br \/>\n<a href=\"https:\/\/www.pielisenampujat.net\/wp-content\/uploads\/2023\/07\/haul_harjoitus_130723_stage.pdf\" target=\"_blank\" rel=\"noopener\">Haulikko harjoitus 13.07 stage<\/a><br \/>\n<a href=\"https:\/\/www.pielisenampujat.net\/wp-content\/uploads\/2023\/07\/haul_harjoitus_130723_over.pdf\" target=\"_blank\" rel=\"noopener\">Haulikko harjoitus 13.7 over<\/a><\/p>\n<p><a href=\"https:\/\/www.pielisenampujat.net\/wp-content\/uploads\/2023\/07\/viikkokisa_190723_stage.pdf\" target=\"_blank\" rel=\"noopener\">Viikkokisa 19.07 stage<\/a><br \/>\n<a href=\"https:\/\/www.pielisenampujat.net\/wp-content\/uploads\/2023\/07\/viikkokisa_190723_over.pdf\" target=\"_blank\" rel=\"noopener\">Viikkokisa 19.07 over<\/a><br \/>\nKiv\u00e4\u00e4ri harjoitus 20.7. Osallistui ja tulokset: 1. Raimo H\u00e4m\u00e4l\u00e4inen.&nbsp; 2. Juha Riikonen.<\/p>\n<p><a href=\"https:\/\/www.pielisenampujat.net\/wp-content\/uploads\/2023\/07\/viikkokisa_260723_stage.pdf\" target=\"_blank\" rel=\"noopener\">Viikkokisa 26.07 stage<\/a><br \/>\n<a href=\"https:\/\/www.pielisenampujat.net\/wp-content\/uploads\/2023\/07\/viikkokisa_260723_over.pdf\" target=\"_blank\" rel=\"noopener\">Viikkokisa 26.07 over<\/a><br \/>\nHaulikko harjoitus 27.7. Osallistui Juha Riikonen&nbsp;<\/p>\n<p>2.8 Ei kisaa rataremontti<br \/>\nKuukausikisa kiv\u00e4\u00e4ri 3.8 Osallistui ja tulokset 1. Raimo H\u00e4m\u00e4l\u00e4inen. 2. Juha Riikonen<\/p>\n<p><a href=\"https:\/\/www.pielisenampujat.net\/wp-content\/uploads\/2023\/08\/rajan_ase_2023_stage.pdf\" target=\"_blank\" rel=\"noopener\">Rajan Ase 2023 09.08 stage<\/a><br \/>\n<a href=\"https:\/\/www.pielisenampujat.net\/wp-content\/uploads\/2023\/08\/rajan_ase_2023_over.pdf\" target=\"_blank\" rel=\"noopener\">Rajan Ase 2023 09.08 over<\/a><br \/>\n10.8 Ei haulikko harjoituksia: tulva<\/p>\n<p><a href=\"https:\/\/www.pielisenampujat.net\/wp-content\/uploads\/2023\/08\/viikkokisa_160823_stage.pdf\" target=\"_blank\" rel=\"noopener\">Viikkokisa 16.08 stage<\/a><br \/>\n<a href=\"https:\/\/www.pielisenampujat.net\/wp-content\/uploads\/2023\/08\/viikkokisa_160823_over.pdf\" target=\"_blank\" rel=\"noopener\">Viikkokisa 16.08 over<\/a><br \/>\n<a href=\"https:\/\/www.pielisenampujat.net\/wp-content\/uploads\/2023\/08\/kiv_harjoitus_170823_stage.pdf\" target=\"_blank\" rel=\"noopener\">Kiv\u00e4\u00e4ri harjoitus 17.08 Stage<\/a><br \/>\n<a href=\"https:\/\/www.pielisenampujat.net\/wp-content\/uploads\/2023\/08\/kiv_harjoitus_170823_over.pdf\" target=\"_blank\" rel=\"noopener\">Kiv\u00e4\u00e4ri harjoitus 17.08 over<\/a><\/p>\n<p><a href=\"https:\/\/www.pielisenampujat.net\/wp-content\/uploads\/2023\/08\/viikkokisa_230823_stage.pdf\" target=\"_blank\" rel=\"noopener\">Viikkokisa 23.08 stage<\/a><br \/>\n<a href=\"https:\/\/www.pielisenampujat.net\/wp-content\/uploads\/2023\/08\/viikkokisa_230823_over.pdf\" target=\"_blank\" rel=\"noopener\">Viikkokisa 23.08 over<\/a><br \/>\n<a href=\"https:\/\/www.pielisenampujat.net\/wp-content\/uploads\/2023\/08\/haul_harjoitus_240823_stage.pdf\" target=\"_blank\" rel=\"noopener\">Haulikko harjoitus 24.08 stage<\/a><br \/>\n<a href=\"https:\/\/www.pielisenampujat.net\/wp-content\/uploads\/2023\/08\/haul_harjoitus_240823_over.pdf\" target=\"_blank\" rel=\"noopener\">Haulikko Harjoitus 24.08 over<\/a><\/p>\n<p><a href=\"https:\/\/www.pielisenampujat.net\/wp-content\/uploads\/2023\/09\/viikkokisa_300823_stage.pdf\" target=\"_blank\" rel=\"noopener\">Viikkokisa 30.08 stage<\/a><br \/>\n<a href=\"https:\/\/www.pielisenampujat.net\/wp-content\/uploads\/2023\/09\/viikkokisa_300823_over.pdf\" target=\"_blank\" rel=\"noopener\">Viikkokisa 30.08 over<\/a><br \/>\n<a href=\"https:\/\/www.pielisenampujat.net\/wp-content\/uploads\/2023\/09\/kiv_harjoitus_310823_stage.pdf\" target=\"_blank\" rel=\"noopener\">Kiv\u00e4\u00e4ri harjoitus 31.08 stage<\/a><br \/>\n<a href=\"https:\/\/www.pielisenampujat.net\/wp-content\/uploads\/2023\/09\/kiv_harjoitus_310823_over.pdf\" target=\"_blank\" rel=\"noopener\">Kiv\u00e4\u00e4ri harjoitus 31.08 over<\/a><\/p>\n<p><a href=\"https:\/\/www.pielisenampujat.net\/wp-content\/uploads\/2023\/09\/kuukausikisa_060923_stage.pdf\" target=\"_blank\" rel=\"noopener\">Kuukausikisa 06.09 stage<\/a><br \/>\n<a href=\"https:\/\/www.pielisenampujat.net\/wp-content\/uploads\/2023\/09\/kuukausikisa_060923_over.pdf\" target=\"_blank\" rel=\"noopener\">Kuukausikisa 06.09 over<\/a><br \/>\nHaulikko Harjoitus 07.09. Mukana J Sihvo, J Riikonen<\/p>\n<p><a href=\"https:\/\/www.pielisenampujat.net\/wp-content\/uploads\/2023\/09\/seuranmestaruus_2023_stage.pdf\" target=\"_blank\" rel=\"noopener\">Seuran mestaruus 2023 stage<\/a><br \/>\n<a href=\"https:\/\/www.pielisenampujat.net\/wp-content\/uploads\/2023\/09\/seuranmestaruus_2023_over.pdf\" target=\"_blank\" rel=\"noopener\">Seuran mestaruus 2023 over<\/a><\/p>\n<p><a href=\"https:\/\/www.pielisenampujat.net\/wp-content\/uploads\/2023\/09\/viikkokisa_130923_stage.pdf\" target=\"_blank\" rel=\"noopener\">Viikkokisa 13.09 stage<\/a><br \/>\n<a href=\"https:\/\/www.pielisenampujat.net\/wp-content\/uploads\/2023\/09\/viikkokisa_130923_over.pdf\" target=\"_blank\" rel=\"noopener\">Viikkokisa 13.09 over<\/a><\/p>\n<p><a href=\"https:\/\/www.pielisenampujat.net\/wp-content\/uploads\/2023\/09\/seuranmestaruus_kivaari_2023_stage.pdf\" target=\"_blank\" rel=\"noopener\">Seuran mestaruus kiv\u00e4\u00e4ri 2023 stage<\/a><br \/>\n<a href=\"https:\/\/www.pielisenampujat.net\/wp-content\/uploads\/2023\/09\/seuranmestaruus_kivaari_2023_over.pdf\" target=\"_blank\" rel=\"noopener\">Seuran mestaruus kiv\u00e4\u00e4ri 2023 over<\/a><\/p>\n<p><a href=\"https:\/\/www.pielisenampujat.net\/wp-content\/uploads\/2023\/09\/viikkokisa_200923_stage.pdf\" target=\"_blank\" rel=\"noopener\">Viikkokisa 20.09 stage<\/a><br \/>\n<a href=\"https:\/\/www.pielisenampujat.net\/wp-content\/uploads\/2023\/09\/viikkokisa_200923_over.pdf\" target=\"_blank\" rel=\"noopener\">Viikkokisa 20.09 over<\/a><\/p>\n<p><a href=\"https:\/\/www.pielisenampujat.net\/wp-content\/uploads\/2023\/09\/seuranmestaruus_haulikko2023_stage.pdf\" target=\"_blank\" rel=\"noopener\">Seuran mestaruus haulikko 2023 stage<\/a><br \/>\n<a href=\"https:\/\/www.pielisenampujat.net\/wp-content\/uploads\/2023\/09\/seuranmestaruus_haulikko2023_over.pdf\" target=\"_blank\" rel=\"noopener\">Seuran mestaruus haulikko 2023 over<\/a><\/p>\n<p><a href=\"https:\/\/www.pielisenampujat.net\/wp-content\/uploads\/2023\/09\/viikkokisa_270923_stage.pdf\" target=\"_blank\" rel=\"noopener\">Viikkokisa 27.09 stage<\/a><br \/>\n<a href=\"https:\/\/www.pielisenampujat.net\/wp-content\/uploads\/2023\/09\/viikkokisa_270923_over.pdf\" target=\"_blank\" rel=\"noopener\">Viikkokisa 27.09 over<\/a><br \/>\n<a href=\"https:\/\/www.pielisenampujat.net\/wp-content\/uploads\/2023\/09\/kiv_harjoitus_280923_stage.pdf\" target=\"_blank\" rel=\"noopener\">Kiv\u00e4\u00e4ri harjoitus stage<\/a><br \/>\n<a href=\"https:\/\/www.pielisenampujat.net\/wp-content\/uploads\/2023\/09\/kiv_harjoitus_280923_over.pdf\" target=\"_blank\" rel=\"noopener\">Kiv\u00e4\u00e4ri harjoitus over<\/a><\/p>\n<p>&nbsp;<\/p>\n<p>&nbsp;<\/p>\n","protected":false},"excerpt":{"rendered":"<p>Vuoden 2023 kilpailutuloksia.&nbsp; pdf. sivut avautuvat omaan v\u00e4lilehteen. &nbsp; Viikkokisa 17.05 stage Viikkokisa 17.05 over Viikkokisa 24.05 stage Viikkokisa 24.05 over Viikkokisa 31.05 stage Viikkokisa 31.05 over Kuukausikisa 07.06 stage Kuukausikisa 07.06 over Kiv. kuukausikisa 08.06 stage Kiv. kuukausikisa 08.06<\/p>\n","protected":false},"author":1,"featured_media":0,"parent":1269,"menu_order":0,"comment_status":"closed","ping_status":"closed","template":"","meta":{"ngg_post_thumbnail":0,"footnotes":""},"class_list":["post-4535","page","type-page","status-publish","hentry"],"_links":{"self":[{"href":"https:\/\/www.pielisenampujat.net\/index.php?rest_route=\/wp\/v2\/pages\/4535","targetHints":{"allow":["GET"]}}],"collection":[{"href":"https:\/\/www.pielisenampujat.net\/index.php?rest_route=\/wp\/v2\/pages"}],"about":[{"href":"https:\/\/www.pielisenampujat.net\/index.php?rest_route=\/wp\/v2\/types\/page"}],"author":[{"embeddable":true,"href":"https:\/\/www.pielisenampujat.net\/index.php?rest_route=\/wp\/v2\/users\/1"}],"replies":[{"embeddable":true,"href":"https:\/\/www.pielisenampujat.net\/index.php?rest_route=%2Fwp%2Fv2%2Fcomments&post=4535"}],"version-history":[{"count":101,"href":"https:\/\/www.pielisenampujat.net\/index.php?rest_route=\/wp\/v2\/pages\/4535\/revisions"}],"predecessor-version":[{"id":4846,"href":"https:\/\/www.pielisenampujat.net\/index.php?rest_route=\/wp\/v2\/pages\/4535\/revisions\/4846"}],"up":[{"embeddable":true,"href":"https:\/\/www.pielisenampujat.net\/index.php?rest_route=\/wp\/v2\/pages\/1269"}],"wp:attachment":[{"href":"https:\/\/www.pielisenampujat.net\/index.php?rest_route=%2Fwp%2Fv2%2Fmedia&parent=4535"}],"curies":[{"name":"wp","href":"https:\/\/api.w.org\/{rel}","templated":true}]}}