{"id":4491,"date":"2022-04-09T16:29:59","date_gmt":"2022-04-09T13:29:59","guid":{"rendered":"http:\/\/www.pielisenampujat.net\/?page_id=4491"},"modified":"2022-10-01T09:23:25","modified_gmt":"2022-10-01T06:23:25","slug":"2022-2","status":"publish","type":"page","link":"https:\/\/www.pielisenampujat.net\/?page_id=4491","title":{"rendered":"2022"},"content":{"rendered":"<p>Vuoden 2022 tuloksia. pdf. sivut avautuvat omaan v\u00e4lilehteen.<\/p>\n<p>&nbsp;<\/p>\n<p><a href=\"https:\/\/www.pielisenampujat.net\/wp-content\/uploads\/2022\/05\/viikkokisa_180522_stage.pdf\" target=\"_blank\" rel=\"noopener\">18.05.2022&nbsp; &nbsp;Viikkokisa stage<\/a><br \/>\n<a href=\"https:\/\/www.pielisenampujat.net\/wp-content\/uploads\/2022\/05\/viikkokisa_180522_over.pdf\" target=\"_blank\" rel=\"noopener\">18.05.2022&nbsp; &nbsp;Viikkokisa over<\/a><br \/>\n&nbsp; &nbsp; &nbsp; &nbsp; &nbsp; &nbsp; &nbsp; &nbsp; &nbsp; &nbsp; &nbsp; &nbsp; <a href=\"https:\/\/www.pielisenampujat.net\/wp-content\/uploads\/2022\/05\/viikkokisa_180522_stage_pcc.pdf\" target=\"_blank\" rel=\"noopener\">Viikkokisa stage PCC<\/a><br \/>\n&nbsp; &nbsp; &nbsp; &nbsp; &nbsp; &nbsp; &nbsp; &nbsp; &nbsp; &nbsp; &nbsp; &nbsp; <a href=\"https:\/\/www.pielisenampujat.net\/wp-content\/uploads\/2022\/05\/viikkokisa_180522_over_pcc.pdf\" target=\"_blank\" rel=\"noopener\">Viikkokisa over PCC<\/a><\/p>\n<p><a href=\"https:\/\/www.pielisenampujat.net\/wp-content\/uploads\/2022\/05\/viikkokisa_250522_stage.pdf\" target=\"_blank\" rel=\"noopener\">25.05.2022&nbsp; Viikkokisa stage<\/a><br \/>\n<a href=\"https:\/\/www.pielisenampujat.net\/wp-content\/uploads\/2022\/05\/viikkokisa_250522_over.pdf\" target=\"_blank\" rel=\"noopener\">25.05.2022&nbsp; Viikkokisa over<\/a><\/p>\n<p><a href=\"https:\/\/www.pielisenampujat.net\/wp-content\/uploads\/2022\/06\/kuukausikisa_010622_stage.pdf\" target=\"_blank\" rel=\"noopener\">01.06.2022&nbsp; Kuukausikisa stage<\/a><br \/>\n<a href=\"https:\/\/www.pielisenampujat.net\/wp-content\/uploads\/2022\/06\/kuukausikisa_010622_over.pdf\" target=\"_blank\" rel=\"noopener\">01.06.2022&nbsp; Kuukausikisa over<\/a><\/p>\n<p><a href=\"https:\/\/www.pielisenampujat.net\/wp-content\/uploads\/2022\/06\/viikkokisa_080622_stage.pdf\" target=\"_blank\" rel=\"noopener\">08.06.2022 Viikkokisa stage<\/a><br \/>\n<a href=\"https:\/\/www.pielisenampujat.net\/wp-content\/uploads\/2022\/06\/viikkokisa_080622_over.pdf\" target=\"_blank\" rel=\"noopener\">08.06.2022 Viikkokisa over<\/a><br \/>\n&nbsp; &nbsp; &nbsp; &nbsp; &nbsp; &nbsp; &nbsp; &nbsp; &nbsp; &nbsp; &nbsp; <a href=\"https:\/\/www.pielisenampujat.net\/wp-content\/uploads\/2022\/06\/viikkokisa_080622_stage_pcc.pdf\" target=\"_blank\" rel=\"noopener\">&nbsp;stage PCC<\/a><br \/>\n&nbsp; &nbsp; &nbsp; &nbsp; &nbsp; &nbsp; &nbsp; &nbsp; &nbsp; &nbsp; &nbsp; <a href=\"https:\/\/www.pielisenampujat.net\/wp-content\/uploads\/2022\/06\/viikkokisa_080622_over_pcc.pdf\" target=\"_blank\" rel=\"noopener\">&nbsp;over PCC<\/a><\/p>\n<p><a href=\"https:\/\/www.pielisenampujat.net\/wp-content\/uploads\/2022\/06\/viikkokisa_220622_stage.pdf\" target=\"_blank\" rel=\"noopener\">22.06.2022 Viikkokisa stage<\/a><br \/>\n<a href=\"https:\/\/www.pielisenampujat.net\/wp-content\/uploads\/2022\/06\/viikkokisa_220622_over.pdf\" target=\"_blank\" rel=\"noopener\">22.06.2022 Viikkokisa over<\/a><\/p>\n<p><a href=\"https:\/\/www.pielisenampujat.net\/wp-content\/uploads\/2022\/07\/viikkokisa_290622_stage.pdf\" target=\"_blank\" rel=\"noopener\">29.06.2022 Viikkokisa stage<\/a><br \/>\n<a href=\"https:\/\/www.pielisenampujat.net\/wp-content\/uploads\/2022\/07\/viikkokisa_290622_over.pdf\" target=\"_blank\" rel=\"noopener\">29.06.2022 Viikkokisa over<\/a><\/p>\n<p><a href=\"https:\/\/www.pielisenampujat.net\/wp-content\/uploads\/2022\/07\/nodic_tattoo_22_stage.pdf\" target=\"_blank\" rel=\"noopener\">03.07.2022 Nordic Tattoo stage<\/a><br \/>\n<a href=\"https:\/\/www.pielisenampujat.net\/wp-content\/uploads\/2022\/07\/nodic_tattoo_22_over.pdf\" target=\"_blank\" rel=\"noopener\">03.07.2022 Nordic Tattoo over<\/a><\/p>\n<p><a href=\"https:\/\/www.pielisenampujat.net\/wp-content\/uploads\/2022\/07\/kuukausikisa_060722_stage.pdf\" target=\"_blank\" rel=\"noopener\">06.07.2022 Kuukausikisa stage<\/a><br \/>\n<a href=\"https:\/\/www.pielisenampujat.net\/wp-content\/uploads\/2022\/07\/kuukausikisa_060722_over.pdf\" target=\"_blank\" rel=\"noopener\">06.07.2022 Kuukausikisa over<\/a><\/p>\n<p><a href=\"https:\/\/www.pielisenampujat.net\/wp-content\/uploads\/2022\/07\/kivaari_070722_stage.pdf\" target=\"_blank\" rel=\"noopener\">07.07.2022 Kiv\u00e4\u00e4ri stage<\/a><br \/>\n<a href=\"https:\/\/www.pielisenampujat.net\/wp-content\/uploads\/2022\/07\/kivaari_070722_over.pdf\" target=\"_blank\" rel=\"noopener\">07.07.2022 Kiv\u00e4\u00e4ri over<\/a><\/p>\n<p><a href=\"https:\/\/www.pielisenampujat.net\/wp-content\/uploads\/2022\/07\/viikkokisa_130722_stage.pdf\" target=\"_blank\" rel=\"noopener\">13.07.2022 Viikkokisa stage<\/a><br \/>\n<a href=\"https:\/\/www.pielisenampujat.net\/wp-content\/uploads\/2022\/07\/viikkokisa_130722_over.pdf\" target=\"_blank\" rel=\"noopener\">13.07.2022 Viikkokisa over<\/a><br \/>\n&nbsp; &nbsp; &nbsp; &nbsp; &nbsp; &nbsp; &nbsp; &nbsp; &nbsp; &nbsp; &nbsp;<a href=\"https:\/\/www.pielisenampujat.net\/wp-content\/uploads\/2022\/07\/viikkokisa_130722_stage_pcc.pdf\" target=\"_blank\" rel=\"noopener\"> stage pcc<\/a><br \/>\n&nbsp; &nbsp; &nbsp; &nbsp; &nbsp; &nbsp; &nbsp; &nbsp; &nbsp; &nbsp; &nbsp; <a href=\"https:\/\/www.pielisenampujat.net\/wp-content\/uploads\/2022\/07\/viikkokisa_130722_over_pcc.pdf\" target=\"_blank\" rel=\"noopener\">over pcc<\/a><\/p>\n<p><a href=\"https:\/\/www.pielisenampujat.net\/wp-content\/uploads\/2022\/07\/haulikkokisa_140722_stage.pdf\" target=\"_blank\" rel=\"noopener\">14.07.2022 Haulikkokisa Stage<\/a><br \/>\n<a href=\"https:\/\/www.pielisenampujat.net\/wp-content\/uploads\/2022\/07\/haulikkokisa_140722_over.pdf\" target=\"_blank\" rel=\"noopener\">14.07.2022 Haulikkokisa over<\/a><\/p>\n<p><a href=\"https:\/\/www.pielisenampujat.net\/wp-content\/uploads\/2022\/07\/viikkokisa_200722_stage.pdf\" target=\"_blank\" rel=\"noopener\">20.07.2022 Viikkokisa stage<\/a><br \/>\n<a href=\"https:\/\/www.pielisenampujat.net\/wp-content\/uploads\/2022\/07\/viikkokisa_200722_over.pdf\" target=\"_blank\" rel=\"noopener\">20.07.2022 Viikkokisa over<\/a><\/p>\n<p><a href=\"https:\/\/www.pielisenampujat.net\/wp-content\/uploads\/2022\/07\/har_kivaari_210722_stage.pdf\" target=\"_blank\" rel=\"noopener\">21.07.2022 Kiv\u00e4\u00e4ri stage<\/a><br \/>\n<a href=\"https:\/\/www.pielisenampujat.net\/wp-content\/uploads\/2022\/07\/har_kivaari_210722_over.pdf\" target=\"_blank\" rel=\"noopener\">21.07.2022 Kiv\u00e4\u00e4ri over<\/a><\/p>\n<p><a href=\"https:\/\/www.pielisenampujat.net\/wp-content\/uploads\/2022\/07\/viikkokisa_270722_stage.pdf\" target=\"_blank\" rel=\"noopener\">27.07.2022 Viikkokisa stage<\/a><br \/>\n<a href=\"https:\/\/www.pielisenampujat.net\/wp-content\/uploads\/2022\/07\/viikkokisa_270722_over.pdf\" target=\"_blank\" rel=\"noopener\">27.07.2022 Viikkokisa over<\/a><\/p>\n<p><a href=\"https:\/\/www.pielisenampujat.net\/wp-content\/uploads\/2022\/08\/kuukausikisa_030822_stage.pdf\" target=\"_blank\" rel=\"noopener\">03.08.2022 Kuukausikisa stage<\/a><br \/>\n<a href=\"https:\/\/www.pielisenampujat.net\/wp-content\/uploads\/2022\/08\/kuukausikisa_030822_over.pdf\" target=\"_blank\" rel=\"noopener\">03.08.2022 Kuukausikisa over<\/a><\/p>\n<p><a href=\"https:\/\/www.pielisenampujat.net\/wp-content\/uploads\/2022\/08\/har_kivaari_040822_stage.pdf\" target=\"_blank\" rel=\"noopener\">04.08.2022 Kiv\u00e4\u00e4ri stage<\/a><br \/>\n<a href=\"https:\/\/www.pielisenampujat.net\/wp-content\/uploads\/2022\/08\/har_kivaari_040822_over.pdf\" target=\"_blank\" rel=\"noopener\">04.08.2022 Kiv\u00e4\u00e4ri over<\/a><\/p>\n<p><a href=\"https:\/\/www.pielisenampujat.net\/wp-content\/uploads\/2022\/08\/rajanase_100822_stage.pdf\" target=\"_blank\" rel=\"noopener\">10.08.2022 Rajan Ase stage<\/a><br \/>\n<a href=\"https:\/\/www.pielisenampujat.net\/wp-content\/uploads\/2022\/08\/rajanase_100822_over.pdf\" target=\"_blank\" rel=\"noopener\">10.08.2022 Rajan Ase over<\/a><\/p>\n<p><a href=\"https:\/\/www.pielisenampujat.net\/wp-content\/uploads\/2022\/08\/viikkokisa_170822_stage.pdf\" target=\"_blank\" rel=\"noopener\">17.08.2022 Viikkokisa stage<\/a><br \/>\n<a href=\"https:\/\/www.pielisenampujat.net\/wp-content\/uploads\/2022\/08\/viikkokisa_170822_over.pdf\" target=\"_blank\" rel=\"noopener\">17.08.2022 Viikkokisa over<\/a><br \/>\n&nbsp; &nbsp; &nbsp; &nbsp; &nbsp; &nbsp; &nbsp; &nbsp; &nbsp; &nbsp; &nbsp; <a href=\"https:\/\/www.pielisenampujat.net\/wp-content\/uploads\/2022\/08\/viikkokisa_170822_stage_pcc.pdf\" target=\"_blank\" rel=\"noopener\">Stage PCC<\/a><br \/>\n&nbsp; &nbsp; &nbsp; &nbsp; &nbsp; &nbsp; &nbsp; &nbsp; &nbsp; &nbsp; &nbsp; &nbsp;<a href=\"https:\/\/www.pielisenampujat.net\/wp-content\/uploads\/2022\/08\/viikkokisa_170822_over_pcc.pdf\" target=\"_blank\" rel=\"noopener\">Over PCC<\/a><\/p>\n<p><a href=\"https:\/\/www.pielisenampujat.net\/wp-content\/uploads\/2022\/08\/har_kivaari_190822_stage.pdf\" target=\"_blank\" rel=\"noopener\">19.08.2022 Kiv\u00e4\u00e4ri stage<\/a><br \/>\n<a href=\"https:\/\/www.pielisenampujat.net\/wp-content\/uploads\/2022\/08\/har_kivaari_190822_over.pdf\" target=\"_blank\" rel=\"noopener\">19.08.2022 Kiv\u00e4\u00e4ri over<\/a><\/p>\n<p><a href=\"https:\/\/www.pielisenampujat.net\/wp-content\/uploads\/2022\/08\/viikkokisa_240822_stage.pdf\" target=\"_blank\" rel=\"noopener\">24.08.2022 Viikkokisa stage<\/a><br \/>\n<a href=\"https:\/\/www.pielisenampujat.net\/wp-content\/uploads\/2022\/08\/viikkokisa_240822_over.pdf\" target=\"_blank\" rel=\"noopener\">24.08.2022 Viikkokisa over<\/a><\/p>\n<p><a href=\"https:\/\/www.pielisenampujat.net\/wp-content\/uploads\/2022\/09\/viikkokisa_310822_stage.pdf\" target=\"_blank\" rel=\"noopener\">31.08.2022 Viikkokisa stage<\/a><br \/>\n<a href=\"https:\/\/www.pielisenampujat.net\/wp-content\/uploads\/2022\/09\/viikkokisa_310822_over.pdf\" target=\"_blank\" rel=\"noopener\">31.08.2022 Viikkokisa over<\/a><\/p>\n<p><a href=\"https:\/\/www.pielisenampujat.net\/wp-content\/uploads\/2022\/09\/har_kivaari_010922_stage.pdf\" target=\"_blank\" rel=\"noopener\">01.09.2022 Kiv\u00e4\u00e4ri stage<\/a><br \/>\n<a href=\"https:\/\/www.pielisenampujat.net\/wp-content\/uploads\/2022\/09\/har_kivaari_010922_over.pdf\" target=\"_blank\" rel=\"noopener\">01.09.2022 Kiv\u00e4\u00e4ri over<\/a><\/p>\n<p><a href=\"https:\/\/www.pielisenampujat.net\/wp-content\/uploads\/2022\/09\/kuukausikisa_070922_stage.pdf\" target=\"_blank\" rel=\"noopener\">07.09.2022 Kuukausikisa stage<\/a><br \/>\n<a href=\"https:\/\/www.pielisenampujat.net\/wp-content\/uploads\/2022\/09\/kuukausikisa_070922_over.pdf\" target=\"_blank\" rel=\"noopener\">07.09.2022 Kuukausikisa over<\/a><\/p>\n<p><a href=\"https:\/\/www.pielisenampujat.net\/wp-content\/uploads\/2022\/09\/seuranmestaruus_2022_stage.pdf\" target=\"_blank\" rel=\"noopener\">11.09.2022 Seuranmestaruus stage<\/a><br \/>\n<a href=\"https:\/\/www.pielisenampujat.net\/wp-content\/uploads\/2022\/09\/seuranmestaruus_2022_over.pdf\" target=\"_blank\" rel=\"noopener\">11.09.2022 Seuranmestaruus over<\/a><\/p>\n<p><a href=\"https:\/\/www.pielisenampujat.net\/wp-content\/uploads\/2022\/09\/viikkokisa_140922_stage.pdf\" target=\"_blank\" rel=\"noopener\">14.09.2022 Viikkokisa stage<\/a><br \/>\n<a href=\"https:\/\/www.pielisenampujat.net\/wp-content\/uploads\/2022\/09\/viikkokisa_140922_over.pdf\" target=\"_blank\" rel=\"noopener\">14.09.2022 Viikkokisa over<\/a><br \/>\n&nbsp; &nbsp; &nbsp; &nbsp; &nbsp; &nbsp; &nbsp; &nbsp; &nbsp; &nbsp; &nbsp; <a href=\"https:\/\/www.pielisenampujat.net\/wp-content\/uploads\/2022\/09\/viikkokisa_140922_stage_pcc.pdf\" target=\"_blank\" rel=\"noopener\">stage pcc<\/a><br \/>\n&nbsp; &nbsp; &nbsp; &nbsp; &nbsp; &nbsp; &nbsp; &nbsp; &nbsp; &nbsp; &nbsp; <a href=\"https:\/\/www.pielisenampujat.net\/wp-content\/uploads\/2022\/09\/viikkokisa_140922_over_pcc.pdf\" target=\"_blank\" rel=\"noopener\">over pcc<\/a><\/p>\n<p>15.09.2022 Kiv\u00e4\u00e4ri harjoitus osallistui: Juha Riikonen ja Raimo H\u00e4m\u00e4l\u00e4inen<\/p>\n<p><a href=\"https:\/\/www.pielisenampujat.net\/wp-content\/uploads\/2022\/09\/viikkokisa_210922_stage.pdf\" target=\"_blank\" rel=\"noopener\">21.09.2022 Viikkokisa stage<\/a><br \/>\n<a href=\"https:\/\/www.pielisenampujat.net\/wp-content\/uploads\/2022\/09\/viikkokisa_210922_over.pdf\" target=\"_blank\" rel=\"noopener\">21.09.2022 Viikkokisa over<\/a><\/p>\n<p><a href=\"https:\/\/www.pielisenampujat.net\/wp-content\/uploads\/2022\/09\/seuranmestaruus_2022_stage_haulikko.pdf\" target=\"_blank\" rel=\"noopener\">22.09.2022 Seuranmestaruus Haulikko stage<\/a><br \/>\n<a href=\"https:\/\/www.pielisenampujat.net\/wp-content\/uploads\/2022\/09\/seuranmestaruus_2022_over_haulikko.pdf\" target=\"_blank\" rel=\"noopener\">22.09.2022 Seuranmestaruus Haulikko over<\/a><\/p>\n<p><a href=\"https:\/\/www.pielisenampujat.net\/wp-content\/uploads\/2022\/10\/viikkokisa_280922_stage.pdf\" target=\"_blank\" rel=\"noopener\">28.09.2022 Viikkokisa stage<\/a><br \/>\n<a href=\"https:\/\/www.pielisenampujat.net\/wp-content\/uploads\/2022\/10\/viikkokisa_280922_over.pdf\" target=\"_blank\" rel=\"noopener\">28.09.2022 Viikkokisa over<\/a><\/p>\n<p>T\u00e4h\u00e4n p\u00e4\u00e4ttyi t\u00e4m\u00e4n vuoden viralliset kisat ja harjoitukset.<br \/>\nKiitos kaikille kisoihin ja harjoituksiin osallistuneille.<br \/>\nNyt kaikki omatoimisesti harjoittelemaan.<\/p>\n<p>&nbsp;<\/p>\n<p>&nbsp;<\/p>\n<p>&nbsp;<\/p>\n<p>&nbsp;<\/p>\n<p>&nbsp;<\/p>\n<p>&nbsp;<\/p>\n","protected":false},"excerpt":{"rendered":"<p>Vuoden 2022 tuloksia. pdf. sivut avautuvat omaan v\u00e4lilehteen. &nbsp; 18.05.2022&nbsp; &nbsp;Viikkokisa stage 18.05.2022&nbsp; &nbsp;Viikkokisa over &nbsp; &nbsp; &nbsp; &nbsp; &nbsp; &nbsp; &nbsp; &nbsp; &nbsp; &nbsp; &nbsp; &nbsp; Viikkokisa stage PCC &nbsp; &nbsp; &nbsp; &nbsp; &nbsp; &nbsp; &nbsp; &nbsp; &nbsp; &nbsp;<\/p>\n","protected":false},"author":1,"featured_media":0,"parent":1269,"menu_order":0,"comment_status":"closed","ping_status":"closed","template":"","meta":{"ngg_post_thumbnail":0,"footnotes":""},"class_list":["post-4491","page","type-page","status-publish","hentry"],"_links":{"self":[{"href":"https:\/\/www.pielisenampujat.net\/index.php?rest_route=\/wp\/v2\/pages\/4491","targetHints":{"allow":["GET"]}}],"collection":[{"href":"https:\/\/www.pielisenampujat.net\/index.php?rest_route=\/wp\/v2\/pages"}],"about":[{"href":"https:\/\/www.pielisenampujat.net\/index.php?rest_route=\/wp\/v2\/types\/page"}],"author":[{"embeddable":true,"href":"https:\/\/www.pielisenampujat.net\/index.php?rest_route=\/wp\/v2\/users\/1"}],"replies":[{"embeddable":true,"href":"https:\/\/www.pielisenampujat.net\/index.php?rest_route=%2Fwp%2Fv2%2Fcomments&post=4491"}],"version-history":[{"count":98,"href":"https:\/\/www.pielisenampujat.net\/index.php?rest_route=\/wp\/v2\/pages\/4491\/revisions"}],"predecessor-version":[{"id":4726,"href":"https:\/\/www.pielisenampujat.net\/index.php?rest_route=\/wp\/v2\/pages\/4491\/revisions\/4726"}],"up":[{"embeddable":true,"href":"https:\/\/www.pielisenampujat.net\/index.php?rest_route=\/wp\/v2\/pages\/1269"}],"wp:attachment":[{"href":"https:\/\/www.pielisenampujat.net\/index.php?rest_route=%2Fwp%2Fv2%2Fmedia&parent=4491"}],"curies":[{"name":"wp","href":"https:\/\/api.w.org\/{rel}","templated":true}]}}