{"id":436,"date":"2014-05-28T22:00:11","date_gmt":"2014-05-28T19:00:11","guid":{"rendered":"http:\/\/www.pielisenampujat.net\/?page_id=436"},"modified":"2019-02-15T15:45:12","modified_gmt":"2019-02-15T13:45:12","slug":"nuorisotoiminta","status":"publish","type":"page","link":"https:\/\/www.pielisenampujat.net\/?page_id=436","title":{"rendered":"Nuorisotoiminta"},"content":{"rendered":"<p><span style=\"color: rgb(0, 0, 0);\">Se<\/span>uran nuorisotoiminta painottuu ilma-ase ja pienoiskiv\u00e4\u00e4ri ammuntaan.<br \/>\n<em>Lis\u00e4tietoja:<br \/>\n* Raimo H\u00e4m\u00e4l\u00e4inen p. 040-516 5406 (ilt.)<\/em><\/p>\n<p><span style=\"color: rgb(0, 0, 255);\">Hyvi\u00e4 linkkej\u00e4 ! (avautuvat uuteen v\u00e4lilehteen):<\/span><\/p>\n<ul>\n<li><a href=\"http:\/\/www.ampumaurheiluliitto.fi\/nuoriso\/kultahipputoiminta\/\" target=\"_blank\" rel=\"noopener\">Suomen Ampumaurheiluliiton (SAL) Kultahipputoiminta&nbsp;<\/a><\/li>\n<li><a href=\"https:\/\/www.ampumaurheiluliitto.fi\/wp-content\/uploads\/2018\/09\/Uudet-Kultahippus%C3%A4%C3%A4nn%C3%B6t-2018.pdf\" target=\"_blank\" rel=\"noopener\">Kultahippus\u00e4\u00e4nn\u00f6t<\/a>, voimaantulo 01.10.2018<\/li>\n<li><a href=\"https:\/\/www.youtube.com\/watch?v=hmU3WJKCnMQ\" target=\"_blank\" rel=\"noopener\">Kultahippu lajiesittelyVIDEO <\/a>(youtube)<\/li>\n<\/ul>\n","protected":false},"excerpt":{"rendered":"<p>Seuran nuorisotoiminta painottuu ilma-ase ja pienoiskiv\u00e4\u00e4ri ammuntaan. Lis\u00e4tietoja: * Raimo H\u00e4m\u00e4l\u00e4inen p. 040-516 5406 (ilt.) Hyvi\u00e4 linkkej\u00e4 ! (avautuvat uuteen v\u00e4lilehteen): Suomen Ampumaurheiluliiton (SAL) Kultahipputoiminta&nbsp; Kultahippus\u00e4\u00e4nn\u00f6t, voimaantulo 01.10.2018 Kultahippu lajiesittelyVIDEO (youtube)<\/p>\n","protected":false},"author":1,"featured_media":0,"parent":5,"menu_order":0,"comment_status":"closed","ping_status":"closed","template":"","meta":{"ngg_post_thumbnail":0,"footnotes":""},"class_list":["post-436","page","type-page","status-publish","hentry"],"_links":{"self":[{"href":"https:\/\/www.pielisenampujat.net\/index.php?rest_route=\/wp\/v2\/pages\/436","targetHints":{"allow":["GET"]}}],"collection":[{"href":"https:\/\/www.pielisenampujat.net\/index.php?rest_route=\/wp\/v2\/pages"}],"about":[{"href":"https:\/\/www.pielisenampujat.net\/index.php?rest_route=\/wp\/v2\/types\/page"}],"author":[{"embeddable":true,"href":"https:\/\/www.pielisenampujat.net\/index.php?rest_route=\/wp\/v2\/users\/1"}],"replies":[{"embeddable":true,"href":"https:\/\/www.pielisenampujat.net\/index.php?rest_route=%2Fwp%2Fv2%2Fcomments&post=436"}],"version-history":[{"count":25,"href":"https:\/\/www.pielisenampujat.net\/index.php?rest_route=\/wp\/v2\/pages\/436\/revisions"}],"predecessor-version":[{"id":3534,"href":"https:\/\/www.pielisenampujat.net\/index.php?rest_route=\/wp\/v2\/pages\/436\/revisions\/3534"}],"up":[{"embeddable":true,"href":"https:\/\/www.pielisenampujat.net\/index.php?rest_route=\/wp\/v2\/pages\/5"}],"wp:attachment":[{"href":"https:\/\/www.pielisenampujat.net\/index.php?rest_route=%2Fwp%2Fv2%2Fmedia&parent=436"}],"curies":[{"name":"wp","href":"https:\/\/api.w.org\/{rel}","templated":true}]}}