{"id":4144,"date":"2020-09-15T17:48:11","date_gmt":"2020-09-15T14:48:11","guid":{"rendered":"http:\/\/www.pielisenampujat.net\/?page_id=4144"},"modified":"2021-09-30T11:16:46","modified_gmt":"2021-09-30T08:16:46","slug":"2021-2","status":"publish","type":"page","link":"https:\/\/www.pielisenampujat.net\/?page_id=4144","title":{"rendered":"2021"},"content":{"rendered":"<p>Vuoden 2021 kisa tuloksia. pdf. sivut avautuu omaan v\u00e4lilehteen.<\/p>\n<p>&nbsp;<\/p>\n<p><a href=\"https:\/\/www.pielisenampujat.net\/wp-content\/uploads\/2021\/05\/viikkokisa_190521_stage.pdf\" target=\"_blank\" rel=\"noopener\">19.05.2021 Viikkokisa stage<\/a><br \/>\n<a href=\"https:\/\/www.pielisenampujat.net\/wp-content\/uploads\/2021\/05\/viikkokisa_190521_over.pdf\" target=\"_blank\" rel=\"noopener\">19.05.2021 Viikkokisa over<\/a><br \/>\n&nbsp; &nbsp; &nbsp; &nbsp; &nbsp; &nbsp; &nbsp; &nbsp; &nbsp; &nbsp; &nbsp; <a href=\"https:\/\/www.pielisenampujat.net\/wp-content\/uploads\/2021\/05\/viikkokisa_190521_stage_pcc.pdf\" target=\"_blank\" rel=\"noopener\">Pcc stage<\/a><br \/>\n&nbsp; &nbsp; &nbsp; &nbsp; &nbsp; &nbsp; &nbsp; &nbsp; &nbsp; &nbsp; &nbsp;<a href=\"https:\/\/www.pielisenampujat.net\/wp-content\/uploads\/2021\/05\/viikkokisa_190521_over_pcc.pdf\" target=\"_blank\" rel=\"noopener\"> Pcc over<\/a><\/p>\n<p><a href=\"https:\/\/www.pielisenampujat.net\/wp-content\/uploads\/2021\/05\/viikkokisa_260521_stage.pdf\" target=\"_blank\" rel=\"noopener\">26.05.2021 Viikkokisa stage<\/a><br \/>\n<a href=\"https:\/\/www.pielisenampujat.net\/wp-content\/uploads\/2021\/05\/viikkokisa_260521_over.pdf\" target=\"_blank\" rel=\"noopener\">26.05.2021 Viikkokisa over<\/a><br \/>\n&nbsp; &nbsp; &nbsp; &nbsp; &nbsp; &nbsp; &nbsp; &nbsp; &nbsp; &nbsp; &nbsp; &nbsp;<a href=\"https:\/\/www.pielisenampujat.net\/wp-content\/uploads\/2021\/05\/viikkokisa_260521_stage_pcc.pdf\" target=\"_blank\" rel=\"noopener\">Pcc stage<\/a><br \/>\n&nbsp; &nbsp; &nbsp; &nbsp; &nbsp; &nbsp; &nbsp; &nbsp; &nbsp; &nbsp; &nbsp; &nbsp;<a href=\"https:\/\/www.pielisenampujat.net\/wp-content\/uploads\/2021\/05\/viikkokisa_260521_over_pcc.pdf\" target=\"_blank\" rel=\"noopener\">Pcc over<\/a><\/p>\n<p><a href=\"https:\/\/www.pielisenampujat.net\/wp-content\/uploads\/2021\/06\/kuukausikisa_020621_stage_1.pdf\" target=\"_blank\" rel=\"noopener\">2.6.2021 Kuukausikisa stage stanuna<\/a><br \/>\n&nbsp; &nbsp; &nbsp; &nbsp; &nbsp; &nbsp; &nbsp; &nbsp; <a href=\"https:\/\/www.pielisenampujat.net\/wp-content\/uploads\/2021\/06\/kuukausikisa_020621_stage_2.pdf\" target=\"_blank\" rel=\"noopener\">&nbsp;Kuukausikisa stage stanu\/open<\/a><br \/>\n<a href=\"https:\/\/www.pielisenampujat.net\/wp-content\/uploads\/2021\/06\/kuukausikisa_020621_over_1.pdf\" target=\"_blank\" rel=\"noopener\">2.6.2021 Kuukausikisa over stanu<\/a><br \/>\n&nbsp; &nbsp; &nbsp; &nbsp; &nbsp; &nbsp; &nbsp; &nbsp;<a href=\"https:\/\/www.pielisenampujat.net\/wp-content\/uploads\/2021\/06\/kuukausikisa_020621_over_2.pdf\" target=\"_blank\" rel=\"noopener\"> &nbsp;Kuukausikisa over stanu\/open<\/a><\/p>\n<p><a href=\"https:\/\/www.pielisenampujat.net\/wp-content\/uploads\/2021\/06\/viikkokisa_090621_stage.pdf\" target=\"_blank\" rel=\"noopener\">9.6.2021 Viikkokisa stage<\/a><br \/>\n<a href=\"https:\/\/www.pielisenampujat.net\/wp-content\/uploads\/2021\/06\/viikkokisa_090621_over.pdf\" target=\"_blank\" rel=\"noopener\">9.6.2021 Viikkokisa over<\/a><br \/>\n&nbsp; &nbsp; &nbsp; &nbsp; &nbsp; &nbsp; &nbsp; &nbsp; &nbsp;<a href=\"https:\/\/www.pielisenampujat.net\/wp-content\/uploads\/2021\/06\/viikkokisa_090621_stage_scc.pdf\" target=\"_blank\" rel=\"noopener\">pcc stage<\/a><br \/>\n&nbsp; &nbsp; &nbsp; &nbsp; &nbsp; &nbsp; &nbsp; &nbsp; &nbsp;<a href=\"https:\/\/www.pielisenampujat.net\/wp-content\/uploads\/2021\/06\/viikkokisa_090621_over_scc.pdf\" target=\"_blank\" rel=\"noopener\">pcc over<\/a><\/p>\n<p><a href=\"https:\/\/www.pielisenampujat.net\/wp-content\/uploads\/2021\/06\/viikkokisa_160621_stage.pdf\" target=\"_blank\" rel=\"noopener\">16.6.2021 Viikkokisa stage<\/a><br \/>\n<a href=\"https:\/\/www.pielisenampujat.net\/wp-content\/uploads\/2021\/06\/viikkokisa_160621_over.pdf\" target=\"_blank\" rel=\"noopener\">16.6.2021 Viikkokisa over<\/a><\/p>\n<p><a href=\"https:\/\/www.pielisenampujat.net\/wp-content\/uploads\/2021\/07\/viikkokisa_300621_stage.pdf\" target=\"_blank\" rel=\"noopener\">30.6.2021 Viikkokisa stage<\/a><br \/>\n<a href=\"https:\/\/www.pielisenampujat.net\/wp-content\/uploads\/2021\/07\/viikkokisa_300621_over.pdf\" target=\"_blank\" rel=\"noopener\">30.6.2021 Viikkokisa over<\/a><br \/>\n&nbsp; &nbsp; &nbsp; &nbsp; &nbsp; &nbsp; &nbsp; &nbsp; &nbsp; &nbsp;<a href=\"https:\/\/www.pielisenampujat.net\/wp-content\/uploads\/2021\/07\/viikkokisa_300621_stage_pcc.pdf\" target=\"_blank\" rel=\"noopener\">Pcc stage<\/a><br \/>\n&nbsp; &nbsp; &nbsp; &nbsp; &nbsp; &nbsp; &nbsp; &nbsp; &nbsp;<a href=\"https:\/\/www.pielisenampujat.net\/wp-content\/uploads\/2021\/07\/viikkokisa_300621_over_pcc.pdf\" target=\"_blank\" rel=\"noopener\"> &nbsp;Pcc over<\/a><\/p>\n<p><a href=\"https:\/\/www.pielisenampujat.net\/wp-content\/uploads\/2021\/07\/nordic_tattoo2021_stage.pdf\" target=\"_blank\" rel=\"noopener\">4.7.2021 Nordic Tattoo kisa stage<\/a><br \/>\n<a href=\"https:\/\/www.pielisenampujat.net\/wp-content\/uploads\/2021\/07\/nordic_tattoo2021_over.pdf\" target=\"_blank\" rel=\"noopener\">4.7.2021 Nordic Tattoo kisa over<\/a><\/p>\n<p><a href=\"https:\/\/www.pielisenampujat.net\/wp-content\/uploads\/2021\/07\/kuukausikisa_070721_stage.pdf\" target=\"_blank\" rel=\"noopener\">7.7.2021 Kuukausikisa stage<\/a><br \/>\n<a href=\"https:\/\/www.pielisenampujat.net\/wp-content\/uploads\/2021\/07\/kuukausikisa_070721_over.pdf\" target=\"_blank\" rel=\"noopener\">7.7.2021 Kuukausikisa over<\/a><\/p>\n<p><a href=\"https:\/\/www.pielisenampujat.net\/wp-content\/uploads\/2021\/07\/viikkokisa_140721_stage.pdf\" target=\"_blank\" rel=\"noopener\">14.7.2021 Viikkokisa stage<\/a><br \/>\n<a href=\"https:\/\/www.pielisenampujat.net\/wp-content\/uploads\/2021\/07\/viikkokisa_140721_over.pdf\" target=\"_blank\" rel=\"noopener\">14.7.2021 Viikkokisa over<\/a><\/p>\n<p><a href=\"https:\/\/www.pielisenampujat.net\/wp-content\/uploads\/2021\/07\/viikkokisa_210721_stage.pdf\" target=\"_blank\" rel=\"noopener\">21.7.2021 Viikkokisa stage<\/a><br \/>\n<a href=\"https:\/\/www.pielisenampujat.net\/wp-content\/uploads\/2021\/07\/viikkokisa_210721_over.pdf\" target=\"_blank\" rel=\"noopener\">21.7.2021 Viikkokisa over<\/a><br \/>\n&nbsp; &nbsp; &nbsp; &nbsp; &nbsp; &nbsp; &nbsp; &nbsp; &nbsp; <a href=\"https:\/\/www.pielisenampujat.net\/wp-content\/uploads\/2021\/07\/viikkokisa_210721_stage_pcc.pdf\" target=\"_blank\" rel=\"noopener\">&nbsp;Pcc stage<\/a><br \/>\n&nbsp; &nbsp; &nbsp; &nbsp; &nbsp; &nbsp; &nbsp; &nbsp; &nbsp; <a href=\"https:\/\/www.pielisenampujat.net\/wp-content\/uploads\/2021\/07\/viikkokisa_210721_over_pcc.pdf\" target=\"_blank\" rel=\"noopener\">&nbsp;Pcc over<\/a><\/p>\n<p><a href=\"https:\/\/www.pielisenampujat.net\/wp-content\/uploads\/2021\/07\/viikkokisa_280721_stage.pdf\" target=\"_blank\" rel=\"noopener\">28.7.2021 Viikkokisa stage<\/a><br \/>\n<a href=\"https:\/\/www.pielisenampujat.net\/wp-content\/uploads\/2021\/07\/viikkokisa_280721_over.pdf\" target=\"_blank\" rel=\"noopener\">28.7.2021 Viikkokisa over<\/a><br \/>\n&nbsp; &nbsp; &nbsp; &nbsp; &nbsp; &nbsp; &nbsp; &nbsp; &nbsp; <a href=\"https:\/\/www.pielisenampujat.net\/wp-content\/uploads\/2021\/07\/viikkokisa_280721_stage_pcc.pdf\" target=\"_blank\" rel=\"noopener\">&nbsp;Pcc stage<\/a><br \/>\n&nbsp; &nbsp; &nbsp; &nbsp; &nbsp; &nbsp; &nbsp; &nbsp; &nbsp; <a href=\"https:\/\/www.pielisenampujat.net\/wp-content\/uploads\/2021\/07\/viikkokisa_280721_over_pcc.pdf\" target=\"_blank\" rel=\"noopener\">&nbsp;Pcc over<\/a><\/p>\n<p><a href=\"https:\/\/www.pielisenampujat.net\/wp-content\/uploads\/2021\/08\/kuukausikisa_040821_stage.pdf\" target=\"_blank\" rel=\"noopener\">4.8.2021 Kuukausikisa stage<\/a><br \/>\n<a href=\"https:\/\/www.pielisenampujat.net\/wp-content\/uploads\/2021\/08\/kuukausikisa_040821_over.pdf\" target=\"_blank\" rel=\"noopener\">4.8.2021 Kuukausikisa over<\/a><\/p>\n<p><a href=\"https:\/\/www.pielisenampujat.net\/wp-content\/uploads\/2021\/08\/rajanase_110821_stage.pdf\" target=\"_blank\" rel=\"noopener\">11.8.2021 Rajan Ase stage<\/a><br \/>\n<a href=\"https:\/\/www.pielisenampujat.net\/wp-content\/uploads\/2021\/08\/rajanase_110821_over.pdf\" target=\"_blank\" rel=\"noopener\">11.8.2021 Rajan Ase over<\/a><\/p>\n<p><a href=\"https:\/\/www.pielisenampujat.net\/wp-content\/uploads\/2021\/08\/viikkokisa_180821_stage.pdf\" target=\"_blank\" rel=\"noopener\">18.8.2021 Viikkokisa stage<\/a><br \/>\n<a href=\"https:\/\/www.pielisenampujat.net\/wp-content\/uploads\/2021\/08\/viikkokisa_180821_over.pdf\" target=\"_blank\" rel=\"noopener\">18.8.2021 Viikkokisa over<\/a><br \/>\n&nbsp; &nbsp; &nbsp; &nbsp; &nbsp; &nbsp; &nbsp; &nbsp; &nbsp; <a href=\"https:\/\/www.pielisenampujat.net\/wp-content\/uploads\/2021\/08\/viikkokisa_180821_stage_pcc.pdf\" target=\"_blank\" rel=\"noopener\">&nbsp;pcc stage<\/a><br \/>\n&nbsp; &nbsp; &nbsp; &nbsp; &nbsp; &nbsp; &nbsp; &nbsp; &nbsp; &nbsp;<a href=\"https:\/\/www.pielisenampujat.net\/wp-content\/uploads\/2021\/08\/viikkokisa_180821_over_pcc.pdf\" target=\"_blank\" rel=\"noopener\">pcc over<\/a><\/p>\n<p><a href=\"https:\/\/www.pielisenampujat.net\/wp-content\/uploads\/2021\/08\/viikkokisa_250821_stage.pdf\" target=\"_blank\" rel=\"noopener\">25.8.2021 Viikkokisa stage<\/a><br \/>\n<a href=\"https:\/\/www.pielisenampujat.net\/wp-content\/uploads\/2021\/08\/viikkokisa_250821_overf.pdf\" target=\"_blank\" rel=\"noopener\">25.8.2021 Viikkokisa over<\/a><br \/>\n&nbsp; &nbsp; &nbsp; &nbsp; &nbsp; &nbsp; &nbsp; &nbsp; &nbsp; <a href=\"https:\/\/www.pielisenampujat.net\/wp-content\/uploads\/2021\/08\/viikkokisa_250821_stage_pcc.pdf\" target=\"_blank\" rel=\"noopener\">&nbsp;pcc Stage&nbsp;<\/a><br \/>\n&nbsp; &nbsp; &nbsp; &nbsp; &nbsp; &nbsp; &nbsp; &nbsp; &nbsp; <a href=\"https:\/\/www.pielisenampujat.net\/wp-content\/uploads\/2021\/08\/viikkokisa_250821_over_pcc.pdf\" target=\"_blank\" rel=\"noopener\">&nbsp;pcc over<\/a><\/p>\n<p><a href=\"https:\/\/www.pielisenampujat.net\/wp-content\/uploads\/2021\/09\/kuukausikisa_010921_stage.pdf\" target=\"_blank\" rel=\"noopener\">1.9.2021 Kuukausikisa stage<\/a><br \/>\n<a href=\"https:\/\/www.pielisenampujat.net\/wp-content\/uploads\/2021\/09\/kuukausikisa_010921_over.pdf\" target=\"_blank\" rel=\"noopener\">1.9.2021 Kuukausikisa over<\/a><\/p>\n<p><a href=\"https:\/\/www.pielisenampujat.net\/wp-content\/uploads\/2021\/09\/viikkokisa_080921_stage.pdf\" target=\"_blank\" rel=\"noopener\">8.9.2021 Viikkokisa stage<\/a><br \/>\n<a href=\"https:\/\/www.pielisenampujat.net\/wp-content\/uploads\/2021\/09\/viikkokisa_080921_over.pdf\" target=\"_blank\" rel=\"noopener\">8.9.2021 Viikkokisa over<\/a><br \/>\n&nbsp; &nbsp; &nbsp; &nbsp; &nbsp; &nbsp; &nbsp; &nbsp; &nbsp;<a href=\"https:\/\/www.pielisenampujat.net\/wp-content\/uploads\/2021\/09\/viikkokisa_080921_stage_pcc.pdf\" target=\"_blank\" rel=\"noopener\">Pcc stage<\/a><br \/>\n&nbsp; &nbsp; &nbsp; &nbsp; &nbsp; &nbsp; &nbsp; &nbsp; <a href=\"https:\/\/www.pielisenampujat.net\/wp-content\/uploads\/2021\/09\/viikkokisa_080921_over_pcc.pdf\" target=\"_blank\" rel=\"noopener\">&nbsp;Pcc over<\/a><\/p>\n<p><a href=\"https:\/\/www.pielisenampujat.net\/wp-content\/uploads\/2021\/09\/seuran_mestaruus_2021_stage.pdf\" target=\"_blank\" rel=\"noopener\">Seuran Mestaruus 2021 stage<\/a><br \/>\n<a href=\"https:\/\/www.pielisenampujat.net\/wp-content\/uploads\/2021\/09\/seuran_mestaruus_2021_over.pdf\" target=\"_blank\" rel=\"noopener\">Seuran Mestaruus 2021 over<\/a><\/p>\n<p><a href=\"https:\/\/www.pielisenampujat.net\/wp-content\/uploads\/2021\/09\/viikkokisa_150921_stage.pdf\" target=\"_blank\" rel=\"noopener\">15.9.2021 Viikkokisa stage<\/a><br \/>\n<a href=\"https:\/\/www.pielisenampujat.net\/wp-content\/uploads\/2021\/09\/viikkokisa_150921_over.pdf\" target=\"_blank\" rel=\"noopener\">15.9.2021 Viikkokisa over<\/a><br \/>\n&nbsp; &nbsp; &nbsp; &nbsp; &nbsp; &nbsp; &nbsp; &nbsp; &nbsp; <a href=\"https:\/\/www.pielisenampujat.net\/wp-content\/uploads\/2021\/09\/viikkokisa_150921_stage_pcc.pdf\" target=\"_blank\" rel=\"noopener\">&nbsp;Pcc stage<\/a><br \/>\n&nbsp; &nbsp; &nbsp; &nbsp; &nbsp; &nbsp; &nbsp; &nbsp; &nbsp; &nbsp;<a href=\"https:\/\/www.pielisenampujat.net\/wp-content\/uploads\/2021\/09\/viikkokisa_150921_over_pcc.pdf\" target=\"_blank\" rel=\"noopener\">Pcc over<\/a><\/p>\n<p><a href=\"https:\/\/www.pielisenampujat.net\/wp-content\/uploads\/2021\/09\/seuran_mestaruus_2021_stage_haulikko.pdf\" target=\"_blank\" rel=\"noopener\">Haulikko Seuran Mestaruus 2021 stage<\/a><br \/>\n<a href=\"https:\/\/www.pielisenampujat.net\/wp-content\/uploads\/2021\/09\/seuran_mestaruus_2021_over_haulikko.pdf\" target=\"_blank\" rel=\"noopener\">Haulikko Seuran Mestaruus 2021 over<\/a><\/p>\n<p><a href=\"https:\/\/www.pielisenampujat.net\/wp-content\/uploads\/2021\/09\/220921_harjoitus.pdf\" target=\"_blank\" rel=\"noopener\">22.9.2021 Ei kisoja, harjoittelua<\/a><\/p>\n<p><a href=\"https:\/\/www.pielisenampujat.net\/wp-content\/uploads\/2021\/09\/viikkokisa_290921_stage.pdf\" target=\"_blank\" rel=\"noopener\">29.9.2021 Viikkokisa stage<\/a><br \/>\n<a href=\"https:\/\/www.pielisenampujat.net\/wp-content\/uploads\/2021\/09\/viikkokisa_290921_over.pdf\" target=\"_blank\" rel=\"noopener\">29.9.2021 Viikkokisa over<\/a><\/p>\n<p>Siihen p\u00e4\u00e4ttyi vuoden 2021 kisat. Nyt alkaa vapaiden harjoitusten aika.<br \/>\nKev\u00e4\u00e4ll\u00e4 2022 alkavat seuraavat kisasuoritukset PA:n practical montussa.<br \/>\nKiitos kaudesta kaikille ampuneille.<\/p>\n<p>Juha Riikonen.<\/p>\n<p>&nbsp;<\/p>\n<p>&nbsp;<\/p>\n<p>&nbsp;<\/p>\n<p>&nbsp;<\/p>\n","protected":false},"excerpt":{"rendered":"<p>Vuoden 2021 kisa tuloksia. pdf. sivut avautuu omaan v\u00e4lilehteen. &nbsp; 19.05.2021 Viikkokisa stage 19.05.2021 Viikkokisa over &nbsp; &nbsp; &nbsp; &nbsp; &nbsp; &nbsp; &nbsp; &nbsp; &nbsp; &nbsp; &nbsp; Pcc stage &nbsp; &nbsp; &nbsp; &nbsp; &nbsp; &nbsp; &nbsp; &nbsp; &nbsp; &nbsp; &nbsp;<\/p>\n","protected":false},"author":1,"featured_media":0,"parent":1269,"menu_order":0,"comment_status":"closed","ping_status":"closed","template":"","meta":{"ngg_post_thumbnail":0,"footnotes":""},"class_list":["post-4144","page","type-page","status-publish","hentry"],"_links":{"self":[{"href":"https:\/\/www.pielisenampujat.net\/index.php?rest_route=\/wp\/v2\/pages\/4144","targetHints":{"allow":["GET"]}}],"collection":[{"href":"https:\/\/www.pielisenampujat.net\/index.php?rest_route=\/wp\/v2\/pages"}],"about":[{"href":"https:\/\/www.pielisenampujat.net\/index.php?rest_route=\/wp\/v2\/types\/page"}],"author":[{"embeddable":true,"href":"https:\/\/www.pielisenampujat.net\/index.php?rest_route=\/wp\/v2\/users\/1"}],"replies":[{"embeddable":true,"href":"https:\/\/www.pielisenampujat.net\/index.php?rest_route=%2Fwp%2Fv2%2Fcomments&post=4144"}],"version-history":[{"count":92,"href":"https:\/\/www.pielisenampujat.net\/index.php?rest_route=\/wp\/v2\/pages\/4144\/revisions"}],"predecessor-version":[{"id":4429,"href":"https:\/\/www.pielisenampujat.net\/index.php?rest_route=\/wp\/v2\/pages\/4144\/revisions\/4429"}],"up":[{"embeddable":true,"href":"https:\/\/www.pielisenampujat.net\/index.php?rest_route=\/wp\/v2\/pages\/1269"}],"wp:attachment":[{"href":"https:\/\/www.pielisenampujat.net\/index.php?rest_route=%2Fwp%2Fv2%2Fmedia&parent=4144"}],"curies":[{"name":"wp","href":"https:\/\/api.w.org\/{rel}","templated":true}]}}