{"id":23,"date":"2014-05-22T08:33:37","date_gmt":"2014-05-22T05:33:37","guid":{"rendered":"http:\/\/www.pielisenampujat.net\/?page_id=23"},"modified":"2025-07-15T11:46:57","modified_gmt":"2025-07-15T08:46:57","slug":"yhteyshenkilot","status":"publish","type":"page","link":"https:\/\/www.pielisenampujat.net\/?page_id=23","title":{"rendered":"Yhteystiedot"},"content":{"rendered":"<p><strong>Toimihenkil\u00f6it\u00e4<\/strong><\/p>\n<ul>\n<li>puheenjohtaja: Rauno Vornanen p. 0401265950<\/li>\n<li>sihteeri: Jiri \u00c5ke p. 040-509 6835&nbsp;&nbsp;&nbsp; <a href=\"mailto:jiriake@luukku.com\">jiriake(at)luukku.com<\/a><\/li>\n<li>ampuma-asekouluttaja: Juha Riikonen p. 0400279695<br \/>\nampuma-asekouluttaja: Juha Sihvo p. 0408486613<br \/>\nampuma-asekouluttaja: Matti Immonen p. 0400819127<\/li>\n<\/ul>\n<p><span style=\"color: #0000cd;\"><strong>J\u00e4senasiat ja osoitemuutokset:<\/strong><\/span><\/p>\n<ul>\n<li>seuran sihteeri. kts. yhteystiedot edell\u00e4<\/li>\n<\/ul>\n<p><strong>Seuran s\u00e4hk\u00f6posti<\/strong><\/p>\n<ul>\n<li><a href=\"mailto:pielisenampujat@gmail.com\">pielisenampujat(at)gmail.com<\/a><\/li>\n<\/ul>\n<p><strong>Tainiovaaran Ampumaurheilukeskuksen&nbsp;sijainti (avautuu uudessa v\u00e4lilehdess\u00e4)<\/strong><\/p>\n<ul>\n<li><a href=\"http:\/\/www.infokartta.fi\/infogis-lieksa\/index.php?link=OrzizGHgHR\" target=\"_blank\" rel=\"noopener\">Avaa kartta<\/a>&nbsp; Lieksan karttapalvelussa<\/li>\n<li><a href=\"https:\/\/goo.gl\/maps\/yGSQ5\" target=\"_blank\" rel=\"noopener\">Avaa kartta <\/a>GoogleMapsissa<\/li>\n<\/ul>\n<p><strong>Ilma-aseradan sijainti (avautuu uudessa v\u00e4lilehdess\u00e4)<\/strong><\/p>\n<ul>\n<li><a href=\"http:\/\/www.infokartta.fi\/infogis-lieksa\/index.php?link=cRE0YkcgW\" target=\"_blank\" rel=\"noopener\">Avaa kartta <\/a>&nbsp;Lieksan karttapalvelussa<\/li>\n<\/ul>\n<p>&nbsp;<\/p>\n<p>&nbsp;<\/p>\n","protected":false},"excerpt":{"rendered":"<p>Toimihenkil\u00f6it\u00e4 puheenjohtaja: Rauno Vornanen p. 0401265950 sihteeri: Jiri \u00c5ke p. 040-509 6835&nbsp;&nbsp;&nbsp; jiriake(at)luukku.com ampuma-asekouluttaja: Juha Riikonen p. 0400279695 ampuma-asekouluttaja: Juha Sihvo p. 0408486613 ampuma-asekouluttaja: Matti Immonen p. 0400819127 J\u00e4senasiat ja osoitemuutokset: seuran sihteeri. kts. yhteystiedot edell\u00e4 Seuran s\u00e4hk\u00f6posti pielisenampujat(at)gmail.com Tainiovaaran<\/p>\n","protected":false},"author":1,"featured_media":0,"parent":0,"menu_order":14,"comment_status":"closed","ping_status":"open","template":"","meta":{"ngg_post_thumbnail":0,"footnotes":""},"class_list":["post-23","page","type-page","status-publish","hentry"],"_links":{"self":[{"href":"https:\/\/www.pielisenampujat.net\/index.php?rest_route=\/wp\/v2\/pages\/23","targetHints":{"allow":["GET"]}}],"collection":[{"href":"https:\/\/www.pielisenampujat.net\/index.php?rest_route=\/wp\/v2\/pages"}],"about":[{"href":"https:\/\/www.pielisenampujat.net\/index.php?rest_route=\/wp\/v2\/types\/page"}],"author":[{"embeddable":true,"href":"https:\/\/www.pielisenampujat.net\/index.php?rest_route=\/wp\/v2\/users\/1"}],"replies":[{"embeddable":true,"href":"https:\/\/www.pielisenampujat.net\/index.php?rest_route=%2Fwp%2Fv2%2Fcomments&post=23"}],"version-history":[{"count":32,"href":"https:\/\/www.pielisenampujat.net\/index.php?rest_route=\/wp\/v2\/pages\/23\/revisions"}],"predecessor-version":[{"id":4976,"href":"https:\/\/www.pielisenampujat.net\/index.php?rest_route=\/wp\/v2\/pages\/23\/revisions\/4976"}],"wp:attachment":[{"href":"https:\/\/www.pielisenampujat.net\/index.php?rest_route=%2Fwp%2Fv2%2Fmedia&parent=23"}],"curies":[{"name":"wp","href":"https:\/\/api.w.org\/{rel}","templated":true}]}}