{"id":19,"date":"2014-03-23T19:22:53","date_gmt":"2014-03-23T17:22:53","guid":{"rendered":"http:\/\/www.pielisenampujat.net\/?page_id=19"},"modified":"2025-09-12T16:55:54","modified_gmt":"2025-09-12T13:55:54","slug":"liity-jaseneksi","status":"publish","type":"page","link":"https:\/\/www.pielisenampujat.net\/?page_id=19","title":{"rendered":"Liity j\u00e4seneksi"},"content":{"rendered":"<p><strong>Tule mukaan ampujiin &#8211; liity j\u00e4seneksi<\/strong><\/p>\n<p>J\u00e4senille tarjoamme edullisemmat k\u00e4ytt\u00f6maksut Tainion&nbsp;Ampumaurheilukeskuksen&nbsp;radoilla ja ilma-aseradalla.<\/p>\n<ul>\n<li>j\u00e4senasiat ja osoitemuutokset: Milla Martikainen p. 0400-398099&nbsp; <a href=\"mailto:jasen@pielisenampujat.net\">Jasen@pielisenampujat.net<\/a><\/li>\n<li>puheenjohtaja: Rauno Vornanen p. 040-1265950<\/li>\n<\/ul>\n<p>Vuosij\u00e4senmaksulla saat j\u00e4senlehden (Urheiluampuja) vuosikerran.<br \/>\n<span style=\"font-size: 16px;\"><strong><span style=\"color: #0000cd;\">Liittymismaksu on kertaluonteinen !<\/span><br \/>\n<span style=\"color: #0000cd;\">Liittymisvuonna ei mene vuosimaksua !<br \/>\nJ\u00e4senten ei tarvitse lunastaa ratakorttia !<\/span><\/strong><\/span><\/p>\n<p><strong>TERVETULOA REILUUN PORUKKAAN!<\/strong><\/p>\n\n<div class=\"wpcf7 no-js\" id=\"wpcf7-f2177-o1\" lang=\"fi\" dir=\"ltr\" data-wpcf7-id=\"2177\">\n<div class=\"screen-reader-response\"><p role=\"status\" aria-live=\"polite\" aria-atomic=\"true\"><\/p> <ul><\/ul><\/div>\n<form action=\"\/index.php?rest_route=%2Fwp%2Fv2%2Fpages%2F19#wpcf7-f2177-o1\" method=\"post\" class=\"wpcf7-form init\" aria-label=\"Yhteydenottolomake\" novalidate=\"novalidate\" data-status=\"init\">\n<fieldset class=\"hidden-fields-container\"><input type=\"hidden\" name=\"_wpcf7\" value=\"2177\" \/><input type=\"hidden\" name=\"_wpcf7_version\" value=\"6.1.5\" \/><input type=\"hidden\" name=\"_wpcf7_locale\" value=\"fi\" \/><input type=\"hidden\" name=\"_wpcf7_unit_tag\" value=\"wpcf7-f2177-o1\" \/><input type=\"hidden\" name=\"_wpcf7_container_post\" value=\"0\" \/><input type=\"hidden\" name=\"_wpcf7_posted_data_hash\" value=\"\" \/>\n<\/fieldset>\n<p>Nimi (pakollinen)\n<\/p>\n<p><span class=\"wpcf7-form-control-wrap\" data-name=\"your-name\"><input size=\"40\" maxlength=\"400\" class=\"wpcf7-form-control wpcf7-text wpcf7-validates-as-required\" aria-required=\"true\" aria-invalid=\"false\" value=\"\" type=\"text\" name=\"your-name\" \/><\/span>\n<\/p>\n<p>Syntymaaika (pakollinen, muodossa 25.07.2001)\n<\/p>\n<p><span class=\"wpcf7-form-control-wrap\" data-name=\"Syntymaaika\"><input class=\"wpcf7-form-control wpcf7-date wpcf7-validates-as-required wpcf7-validates-as-date\" aria-required=\"true\" aria-invalid=\"false\" value=\"\" type=\"date\" name=\"Syntymaaika\" \/><\/span>\n<\/p>\n<p>Lahiosoite (pakollinen)\n<\/p>\n<p><span class=\"wpcf7-form-control-wrap\" data-name=\"Lahiosoite\"><input size=\"40\" maxlength=\"400\" class=\"wpcf7-form-control wpcf7-text wpcf7-validates-as-required\" aria-required=\"true\" aria-invalid=\"false\" value=\"\" type=\"text\" name=\"Lahiosoite\" \/><\/span>\n<\/p>\n<p>Postinumero (pakollinen)\n<\/p>\n<p><span class=\"wpcf7-form-control-wrap\" data-name=\"Postinumero\"><input class=\"wpcf7-form-control wpcf7-number wpcf7-validates-as-required wpcf7-validates-as-number\" aria-required=\"true\" aria-invalid=\"false\" value=\"\" type=\"number\" name=\"Postinumero\" \/><\/span>\n<\/p>\n<p>Postitoimipaikka (pakollinen)\n<\/p>\n<p><span class=\"wpcf7-form-control-wrap\" data-name=\"Postitoimipaikka\"><input size=\"40\" maxlength=\"400\" class=\"wpcf7-form-control wpcf7-text wpcf7-validates-as-required\" aria-required=\"true\" aria-invalid=\"false\" value=\"\" type=\"text\" name=\"Postitoimipaikka\" \/><\/span>\n<\/p>\n<p>S\u00e4hk\u00f6posti (pakollinen)\n<\/p>\n<p><span class=\"wpcf7-form-control-wrap\" data-name=\"your-email\"><input size=\"40\" maxlength=\"400\" class=\"wpcf7-form-control wpcf7-email wpcf7-validates-as-required wpcf7-text wpcf7-validates-as-email\" aria-required=\"true\" aria-invalid=\"false\" value=\"\" type=\"email\" name=\"your-email\" \/><\/span>\n<\/p>\n<p>Puhelinnumero\n<\/p>\n<p><span class=\"wpcf7-form-control-wrap\" data-name=\"Puhelinnumero\"><input size=\"40\" maxlength=\"400\" class=\"wpcf7-form-control wpcf7-tel wpcf7-text wpcf7-validates-as-tel\" aria-invalid=\"false\" value=\"\" type=\"tel\" name=\"Puhelinnumero\" \/><\/span>\n<\/p>\n<p>Liittymismaksut:\n<\/p>\n<p><span class=\"wpcf7-form-control-wrap\" data-name=\"Liittymismaksut\"><span class=\"wpcf7-form-control wpcf7-checkbox wpcf7-validates-as-required\"><span class=\"wpcf7-list-item first\"><input type=\"checkbox\" name=\"Liittymismaksut[]\" value=\"Aikuisj\u00e4sen (yli 20 v.) 100 euroa\" \/><span class=\"wpcf7-list-item-label\">Aikuisj\u00e4sen (yli 20 v.) 100 euroa<\/span><\/span><span class=\"wpcf7-list-item last\"><input type=\"checkbox\" name=\"Liittymismaksut[]\" value=\"Nuorisoj\u00e4sen (20 v. ja alle) 0 euroa\" \/><span class=\"wpcf7-list-item-label\">Nuorisoj\u00e4sen (20 v. ja alle) 0 euroa<\/span><\/span><\/span><\/span>\n<\/p>\n<p>Vuosij\u00e4senmaksu (<B><I>HUOM ! Liittymisvuonna ei mene vuosij\u00e4senmaksua<\/i><\/b>):\n<\/p>\n<p><span class=\"wpcf7-form-control-wrap\" data-name=\"Vuosijasenmaksu\"><span class=\"wpcf7-form-control wpcf7-checkbox\"><span class=\"wpcf7-list-item first\"><input type=\"checkbox\" name=\"Vuosijasenmaksu[]\" value=\"Aikuisj\u00e4sen (yli 20 v.) 60 euroa\" \/><span class=\"wpcf7-list-item-label\">Aikuisj\u00e4sen (yli 20 v.) 60 euroa<\/span><\/span><span class=\"wpcf7-list-item last\"><input type=\"checkbox\" name=\"Vuosijasenmaksu[]\" value=\"Nuorisoj\u00e4sen (20 v. ja alle) 15 euroa\" \/><span class=\"wpcf7-list-item-label\">Nuorisoj\u00e4sen (20 v. ja alle) 15 euroa<\/span><\/span><\/span><\/span>\n<\/p>\n<p>Viesti\n<\/p>\n<p><span class=\"wpcf7-form-control-wrap\" data-name=\"your-message\"><textarea cols=\"40\" rows=\"10\" maxlength=\"2000\" class=\"wpcf7-form-control wpcf7-textarea\" aria-invalid=\"false\" name=\"your-message\"><\/textarea><\/span>\n<\/p>\n<p><input class=\"wpcf7-form-control wpcf7-submit has-spinner\" type=\"submit\" value=\"L\u00e4het\u00e4\" \/>\n<\/p><div class=\"wpcf7-response-output\" aria-hidden=\"true\"><\/div>\n<\/form>\n<\/div>\n\n","protected":false},"excerpt":{"rendered":"<p>Tule mukaan ampujiin &#8211; liity j\u00e4seneksi J\u00e4senille tarjoamme edullisemmat k\u00e4ytt\u00f6maksut Tainion&nbsp;Ampumaurheilukeskuksen&nbsp;radoilla ja ilma-aseradalla. j\u00e4senasiat ja osoitemuutokset: Milla Martikainen p. 0400-398099&nbsp; Jasen@pielisenampujat.net puheenjohtaja: Rauno Vornanen p. 040-1265950 Vuosij\u00e4senmaksulla saat j\u00e4senlehden (Urheiluampuja) vuosikerran. Liittymismaksu on kertaluonteinen ! Liittymisvuonna ei mene vuosimaksua !<\/p>\n","protected":false},"author":1,"featured_media":0,"parent":0,"menu_order":12,"comment_status":"closed","ping_status":"open","template":"","meta":{"ngg_post_thumbnail":0,"footnotes":""},"class_list":["post-19","page","type-page","status-publish","hentry"],"_links":{"self":[{"href":"https:\/\/www.pielisenampujat.net\/index.php?rest_route=\/wp\/v2\/pages\/19","targetHints":{"allow":["GET"]}}],"collection":[{"href":"https:\/\/www.pielisenampujat.net\/index.php?rest_route=\/wp\/v2\/pages"}],"about":[{"href":"https:\/\/www.pielisenampujat.net\/index.php?rest_route=\/wp\/v2\/types\/page"}],"author":[{"embeddable":true,"href":"https:\/\/www.pielisenampujat.net\/index.php?rest_route=\/wp\/v2\/users\/1"}],"replies":[{"embeddable":true,"href":"https:\/\/www.pielisenampujat.net\/index.php?rest_route=%2Fwp%2Fv2%2Fcomments&post=19"}],"version-history":[{"count":22,"href":"https:\/\/www.pielisenampujat.net\/index.php?rest_route=\/wp\/v2\/pages\/19\/revisions"}],"predecessor-version":[{"id":6039,"href":"https:\/\/www.pielisenampujat.net\/index.php?rest_route=\/wp\/v2\/pages\/19\/revisions\/6039"}],"wp:attachment":[{"href":"https:\/\/www.pielisenampujat.net\/index.php?rest_route=%2Fwp%2Fv2%2Fmedia&parent=19"}],"curies":[{"name":"wp","href":"https:\/\/api.w.org\/{rel}","templated":true}]}}