{"id":13,"date":"2014-05-21T19:21:22","date_gmt":"2014-05-21T16:21:22","guid":{"rendered":"http:\/\/www.pielisenampujat.net\/?page_id=13"},"modified":"2025-07-15T11:53:23","modified_gmt":"2025-07-15T08:53:23","slug":"ammuntatapahtuma","status":"publish","type":"page","link":"https:\/\/www.pielisenampujat.net\/?page_id=13","title":{"rendered":"Ammunta- ja koulutustapahtuma"},"content":{"rendered":"<p>Yrityksill\u00e4 tai yhteis\u00f6ill\u00e4&nbsp;on nyt mahdollista viett\u00e4\u00e4 koulutus- ja virkistymisp\u00e4iv\u00e4\u00e4 tai hoitaa asiakassuhteita v\u00e4h\u00e4n rennommassa ymp\u00e4rist\u00f6ss\u00e4 !<\/p>\n<p>Tainion Ampumaurheilukeskuksen&nbsp;p\u00e4\u00e4rakennuksessa on&nbsp;varusteltu keitti\u00f6 ja iso n. 30-&nbsp;35&nbsp;henkil\u00f6lle sopiva sali, jossa mahdollisuus videotykin yms. av-laitteiden k\u00e4ytt\u00f6\u00f6n. Lieksan taajamassa Rauhalassa sijaitseva ilma-rata&nbsp;sopii n. 10-15 henkil\u00f6n ryhmille. Radalla on erillinen kahviotila pirttikalusteineen (12 hl\u00f6).&nbsp;Ammunta tapahtuu kokeneiden ohjaajien opastuksella.<\/p>\n<p><a href=\"https:\/\/www.pielisenampujat.net\/wp-content\/uploads\/2018\/12\/Ammuntakokeilu_esite_Ilmaaseet_27112018.pdf\" target=\"_blank\" rel=\"noopener\">Esite<\/a>&nbsp;ilma-aseammunta tapahtumasta (klikkaa)<\/p>\n<p>Yhteydenotot:<em> Rauno Vornanen p. 040 1265950<\/em>&nbsp; <a href=\"mailto:pielisenampujat@gmail.com\">pielisenampujat@gmail.com&nbsp;<\/a><br \/>\n&nbsp;<\/p>\n","protected":false},"excerpt":{"rendered":"<p>Yrityksill\u00e4 tai yhteis\u00f6ill\u00e4&nbsp;on nyt mahdollista viett\u00e4\u00e4 koulutus- ja virkistymisp\u00e4iv\u00e4\u00e4 tai hoitaa asiakassuhteita v\u00e4h\u00e4n rennommassa ymp\u00e4rist\u00f6ss\u00e4 ! Tainion Ampumaurheilukeskuksen&nbsp;p\u00e4\u00e4rakennuksessa on&nbsp;varusteltu keitti\u00f6 ja iso n. 30-&nbsp;35&nbsp;henkil\u00f6lle sopiva sali, jossa mahdollisuus videotykin yms. av-laitteiden k\u00e4ytt\u00f6\u00f6n. Lieksan taajamassa Rauhalassa sijaitseva ilma-rata&nbsp;sopii n. 10-15 henkil\u00f6n<\/p>\n","protected":false},"author":1,"featured_media":0,"parent":11,"menu_order":0,"comment_status":"closed","ping_status":"closed","template":"","meta":{"ngg_post_thumbnail":0,"footnotes":""},"class_list":["post-13","page","type-page","status-publish","hentry"],"_links":{"self":[{"href":"https:\/\/www.pielisenampujat.net\/index.php?rest_route=\/wp\/v2\/pages\/13","targetHints":{"allow":["GET"]}}],"collection":[{"href":"https:\/\/www.pielisenampujat.net\/index.php?rest_route=\/wp\/v2\/pages"}],"about":[{"href":"https:\/\/www.pielisenampujat.net\/index.php?rest_route=\/wp\/v2\/types\/page"}],"author":[{"embeddable":true,"href":"https:\/\/www.pielisenampujat.net\/index.php?rest_route=\/wp\/v2\/users\/1"}],"replies":[{"embeddable":true,"href":"https:\/\/www.pielisenampujat.net\/index.php?rest_route=%2Fwp%2Fv2%2Fcomments&post=13"}],"version-history":[{"count":19,"href":"https:\/\/www.pielisenampujat.net\/index.php?rest_route=\/wp\/v2\/pages\/13\/revisions"}],"predecessor-version":[{"id":5882,"href":"https:\/\/www.pielisenampujat.net\/index.php?rest_route=\/wp\/v2\/pages\/13\/revisions\/5882"}],"up":[{"embeddable":true,"href":"https:\/\/www.pielisenampujat.net\/index.php?rest_route=\/wp\/v2\/pages\/11"}],"wp:attachment":[{"href":"https:\/\/www.pielisenampujat.net\/index.php?rest_route=%2Fwp%2Fv2%2Fmedia&parent=13"}],"curies":[{"name":"wp","href":"https:\/\/api.w.org\/{rel}","templated":true}]}}