{"id":1240,"date":"2017-11-29T13:57:19","date_gmt":"2017-11-29T11:57:19","guid":{"rendered":"http:\/\/www.pielisenampujat.net\/?page_id=1240"},"modified":"2026-03-15T13:01:07","modified_gmt":"2026-03-15T11:01:07","slug":"jousiammunta-ja-naisjaosto","status":"publish","type":"page","link":"https:\/\/www.pielisenampujat.net\/?page_id=1240","title":{"rendered":"Jaostot ja Johtokunta"},"content":{"rendered":"<p><strong>Johtokunta:<\/strong><\/p>\r\n<ul>\r\n<li>pj. Rauno Vornanen p. 040-1265950<\/li>\r\n<li>siht. Jiri \u00c5ke p. 040-509 6835<\/li>\r\n<li>Milla Martikainen<\/li>\r\n<li>Matti Immonen p. 0400-819 127<\/li>\r\n<li>Pertti Salorinne p. 0400-907 170<\/li>\r\n<li>Juha Sihvo p. 040-848 6613<\/li>\r\n<li>Jiri \u00c5ke<\/li>\r\n<li>P\u00f6pp\u00f6nen Jouni p. 050-341 9482<\/li>\r\n<\/ul>\r\n<p><strong>Nuorisojaosto:<\/strong><\/p>\r\n<ul>\r\n<li>Raimo H\u00e4m\u00e4l\u00e4inen p. 0405165406<\/li>\r\n<li>Jiri \u00c5ke<\/li>\r\n<li>Rauno Vornanen p. 0401265950<\/li>\r\n<\/ul>\r\n<p><strong>Practicaljaosto:<\/strong><\/p>\r\n<ul>\r\n<li>Juha Sihvo p. 0408486613<\/li>\r\n<li>Juha Riikonen p. 0400279695<\/li>\r\n<li>Jukka Siitonen p. 0408323156<\/li>\r\n<\/ul>\r\n<p><strong>Haulikkojaosto:<\/strong><\/p>\r\n<ul>\r\n<li>Rauno Vornanen p. 040126595<\/li>\r\n<li>Risto Rantanen<\/li>\r\n<li>Eero Algren<\/li>\r\n<li>Pertti Salorinne<\/li>\r\n<\/ul>\r\n<p><strong>Pistooli- ja kiv\u00e4\u00e4rijaosto (ruuti- ja ilma-aseet):<\/strong><\/p>\r\n<ul>\r\n<li>Jiri \u00c5ke p. 0405096835 (kiv\u00e4\u00e4ri ja pistooli)<\/li>\r\n<li>Jouni P\u00f6pp\u00f6nen<\/li>\r\n<\/ul>\r\n<p>&nbsp;<\/p>\r\n<p>&nbsp; &nbsp; &nbsp; &nbsp; &nbsp;<\/p>\r\n<p>&nbsp; &nbsp; &nbsp; &nbsp; &nbsp;<\/p>\r\n<p>&nbsp; &nbsp; &nbsp;&nbsp;<\/p>\r\n\r\n<p>&nbsp;<\/p>\r\n","protected":false},"excerpt":{"rendered":"<p>Johtokunta: pj. Rauno Vornanen p. 040-1265950 siht. Jiri \u00c5ke p. 040-509 6835 Milla Martikainen Matti Immonen p. 0400-819 127 Pertti Salorinne p. 0400-907 170 Juha Sihvo p. 040-848 6613 Jiri \u00c5ke P\u00f6pp\u00f6nen Jouni p. 050-341 9482 Nuorisojaosto: Raimo H\u00e4m\u00e4l\u00e4inen p.<\/p>\n","protected":false},"author":1,"featured_media":0,"parent":5,"menu_order":5,"comment_status":"closed","ping_status":"closed","template":"","meta":{"ngg_post_thumbnail":0,"footnotes":""},"class_list":["post-1240","page","type-page","status-publish","hentry"],"_links":{"self":[{"href":"https:\/\/www.pielisenampujat.net\/index.php?rest_route=\/wp\/v2\/pages\/1240","targetHints":{"allow":["GET"]}}],"collection":[{"href":"https:\/\/www.pielisenampujat.net\/index.php?rest_route=\/wp\/v2\/pages"}],"about":[{"href":"https:\/\/www.pielisenampujat.net\/index.php?rest_route=\/wp\/v2\/types\/page"}],"author":[{"embeddable":true,"href":"https:\/\/www.pielisenampujat.net\/index.php?rest_route=\/wp\/v2\/users\/1"}],"replies":[{"embeddable":true,"href":"https:\/\/www.pielisenampujat.net\/index.php?rest_route=%2Fwp%2Fv2%2Fcomments&post=1240"}],"version-history":[{"count":32,"href":"https:\/\/www.pielisenampujat.net\/index.php?rest_route=\/wp\/v2\/pages\/1240\/revisions"}],"predecessor-version":[{"id":6154,"href":"https:\/\/www.pielisenampujat.net\/index.php?rest_route=\/wp\/v2\/pages\/1240\/revisions\/6154"}],"up":[{"embeddable":true,"href":"https:\/\/www.pielisenampujat.net\/index.php?rest_route=\/wp\/v2\/pages\/5"}],"wp:attachment":[{"href":"https:\/\/www.pielisenampujat.net\/index.php?rest_route=%2Fwp%2Fv2%2Fmedia&parent=1240"}],"curies":[{"name":"wp","href":"https:\/\/api.w.org\/{rel}","templated":true}]}}